{"id":80,"date":"2022-12-15T01:16:06","date_gmt":"2022-12-15T01:16:06","guid":{"rendered":"https:\/\/pstangarana.com\/de\/?page_id=80"},"modified":"2026-02-19T00:03:14","modified_gmt":"2026-02-19T00:03:14","slug":"uber-uns","status":"publish","type":"page","link":"https:\/\/pstangarana.com\/de\/uber-uns\/","title":{"rendered":"\u00dcber uns"},"content":{"rendered":"<section class=\"wpb-content-wrapper\"><p>[vc_row full_width=\u00bbstretch_row\u00bb full_height=\u00bbyes\u00bb kd_background_image_position=\u00bbvc_row-bg-position-top\u00bb css=\u00bb.vc_custom_1771459191385{padding-top: 370px !important;background-image: url(https:\/\/pstangarana.com\/de\/wp-content\/uploads\/2026\/02\/20231203_120144-2.png?id=345) !important;background-position: center !important;background-repeat: no-repeat !important;background-size: cover !important;}\u00bb css_mobile=\u00bb.vc_custom_1771459191385{padding-top: 150px !important;}\u00bb css_tablet_landscape=\u00bb.vc_custom_1771459191385{padding-top: 200px !important;}\u00bb css_tablet_portrait=\u00bb.vc_custom_1771459191385{padding-top: 150px !important;}\u00bb][vc_column css=\u00bb.vc_custom_1516115464846{padding-left: 0px !important;}\u00bb][vc_row_inner kd_background_image_position=\u00bbvc_row-bg-position-top\u00bb css=\u00bb.vc_custom_1670816671851{margin-top: -100px !important;}\u00bb][vc_column_inner width=\u00bb2\/3&#8243;]<header class=\"kd-section-title col-lg-12 text-left  subtitle-below-title kd-animated fadeIn   vc_custom_1771459389588\" data-animation-delay=200><h1 class=\"separator_off\" style=\"color: #ffffff;font-size: 5rem;margin-bottom:30px;\">\u00dcber uns<\/h1><h2 class=\"subtitle\" style=\"color: #ffffff;\">Das Zentrum Tangarana wurde im Februar 2015 in Moyobamba, Peru gegr\u00fcndet.<\/h2><\/header><a  href=\"#first-section\"  class=\"tt_button tt_primary_button btn_primary_color hover_solid_white btn-align-left button-scroll-to-section icon_right  kd-animated zoomIn demo-button btn-smooth-scroll\" data-animation-delay=200><span class=\"prim_text\">Mehr sehen<\/span><span class=\"fas fa-chevron-right iconita\" style=\"font-size:13px;\"><\/span><\/a>[\/vc_column_inner][vc_column_inner width=\u00bb1\/3&#8243; css=\u00bb.vc_custom_1597748338184{padding-top: 70px !important;}\u00bb][\/vc_column_inner][\/vc_row_inner][\/vc_column][\/vc_row][vc_row full_width=\u00bbstretch_row\u00bb content_placement=\u00bbmiddle\u00bb kd_background_image_position=\u00bbvc_row-bg-position-top\u00bb css=\u00bb.vc_custom_1670817375799{padding-top: 200px !important;padding-bottom: 10px !important;}\u00bb css_tablet_portrait=\u00bb.vc_custom_1670817375801{padding-top: 100px !important;}\u00bb css_mobile=\u00bb.vc_custom_1670817375802{padding-top: 100px !important;}\u00bb el_id=\u00bbfirst-section\u00bb][vc_column][vc_row_inner content_placement=\u00bbmiddle\u00bb kd_background_image_position=\u00bbvc_row-bg-position-top\u00bb][vc_column_inner css=\u00bb.vc_custom_1602769618333{padding-right: 80px !important;padding-left: 0px !important;}\u00bb offset=\u00bbvc_col-lg-offset-0 vc_col-lg-6 vc_col-md-offset-1 vc_col-sm-offset-1&#8243; css_tablet_landscape=\u00bb.vc_custom_1602769618333{margin-bottom: 30px !important;padding-right: 60px !important;padding-left: 0px !important;}\u00bb css_tablet_portrait=\u00bb.vc_custom_1602769618334{margin-bottom: 30px !important;padding-right: 30px !important;padding-left: 30px !important;}\u00bb css_mobile=\u00bb.vc_custom_1602769618334{margin-bottom: 80px !important;padding-right: 15px !important;padding-left: 15px !important;}\u00bb]<header class=\"kd-section-title col-lg-12 text-left  subtitle-below-title kd-animated fadeIn   vc_custom_1671133573980\" data-animation-delay=200><h2 class=\"separator_off\" style=\"margin-bottom:30px;\">Das Zentrum <span style=\"color:#1A7C4A;\">Tangarana<\/span> wurde im Februar 2015 in Moyobamba, Peru gegr\u00fcndet.<\/h2><h6 class=\"subtitle\" >Im Sinne von Nachbarschaftshilfe sprach die Gr\u00fcnderin Mari Alva, zusammen mit anderen Erwachsenen, benachteiligte Jugendliche an und motivierte sie an einem Berglauf teilzunehmen. Von Anfang an haben wir uns f\u00fcr den Namen Tangarana entschieden. Das ist der Name einer amazonischen, starken Kriegerameise.<\/p>\n<p>Im Laufe des Jahres 2019 etablierten wir uns als gemeinn\u00fctzige Plattform. Wir haben eine mit dem Beratungsbereich verbundene Koordination und ein Team von Partnern- Mitarbeitern, die unerm\u00fcdlich arbeiten, alle freiwillig und selbstlos. Wir arbeiten als Team, und das ist der Schl\u00fcssel zur famili\u00e4ren Gemeinschaft, die durch diese Initiative entstanden ist.<\/p>\n<p>Die Aktivit\u00e4ten zielen darauf ab, die soziale Unterst\u00fctzung in verschiedenen Bereichen zu f\u00f6rdern. Wir arbeiten in verschiedenen Projekten, die in unsere Plattform integriert sind:<\/h6><\/header>[\/vc_column_inner][vc_column_inner offset=\u00bbvc_col-lg-6 vc_hidden-md vc_hidden-sm\u00bb css=\u00bb.vc_custom_1602769550293{padding-right: 0px !important;padding-left: 0px !important;}\u00bb][vc_single_image image=\u00bb191&#8243; img_size=\u00bbfull\u00bb alignment=\u00bbright\u00bb css_animation=\u00bbfadeIn\u00bb css=\u00bb.vc_custom_1685984926149{margin-right: -20px !important;}\u00bb][\/vc_column_inner][\/vc_row_inner][\/vc_column][\/vc_row][vc_row kd_background_image_position=\u00bbvc_row-bg-position-top\u00bb css=\u00bb.vc_custom_1598372323510{margin-bottom: 80px !important;}\u00bb][vc_column]<div class=\"feature-sections-wrapper navigation-icons kd-fsp-69eb99b4bdd36\">\n            <div class=\"feature-sections-tabs  \">\n              <nav class=\"kd-feature-tabs\">\n                <ul class=\"nav nav-tabs sticky-tabs container\">\n                <\/ul>\n              <\/nav>\n            <\/div>\n            <section id=\"Tangarana\" class=\"featured-left \"><li class=\"nav-label\"><a class=\"feature-tabs-scroll\" href=\"#Tangarana\"><span class=\"nav-number\"><\/span>Tangarana<\/a><\/li><div class=\"container\">\n                <div class=\"side-content-wrapper kd-animated fadeInRight\" data-animation-delay=\"200\"><h2 class=\"side-content-title\" >Soziale Plattform Tangarana:<\/h2><h6 class=\"side-content-subtitle\" >Wir f\u00f6rdern den Familiensport f\u00fcr ein gesundes Leben. Dazu kommt die Unterst\u00fctzung junger Menschen, die an einer Ausbildung interessiert sind, aber nicht \u00fcber die notwendigen wirtschaftlichen Ressourcen verf\u00fcgen. Wir haben einen Trainer, der die Trainingseinheiten f\u00fcr die verschiedenen Stufen organisiert und durchf\u00fchrt. Durch w\u00f6chentliche Trainings (sowohl f\u00fcr das Laufen als auch f\u00fcr das Gehen) wollen wir unsere Projektteilnehmer motivieren, mit uns zusammen eine bessere, solidarische und respektvollere Gesellschaft zu erschaffen.<\/h6><\/div><div class=\"side-featured-wrapper fss-rectangle kd-animated fadeInLeft\" data-animation-delay=\"200\">\n      <div class=\"featured-image\"><img width=\"660\" height=\"530\" src=\"https:\/\/pstangarana.com\/de\/wp-content\/uploads\/2023\/06\/pstangarana-v2.webp\" class=\"attachment-full\" alt=\"\" decoding=\"async\" loading=\"lazy\" title=\"pstangarana-v2\" srcset=\"https:\/\/pstangarana.com\/de\/wp-content\/uploads\/2023\/06\/pstangarana-v2.webp 660w, https:\/\/pstangarana.com\/de\/wp-content\/uploads\/2023\/06\/pstangarana-v2-300x241.webp 300w\" sizes=\"(max-width: 660px) 100vw, 660px\" \/><\/div>\n    <\/div><\/div>\n            <\/section><section id=\"Stipendienwesen\" class=\"featured-right \"><li class=\"nav-label\"><a class=\"feature-tabs-scroll\" href=\"#Stipendienwesen\"><span class=\"nav-number\"><\/span>Stipendienwesen<\/a><\/li><div class=\"container\">\n                <div class=\"side-content-wrapper kd-animated fadeInLeft\" data-animation-delay=\"200\"><h2 class=\"side-content-title\" >Stipendienwesen<\/h2><h6 class=\"side-content-subtitle\" >Wir haben ein System der F\u00f6rderung, bei welchem wir Stipendien ausrichten. Diese Stipendien gestatten es uns, die notwendige Hilfe priorit\u00e4r f\u00fcr Ausbildung und Verpflegung zu gew\u00e4hren. Unsere Sozialabteilung evaluiert die Antr\u00e4ge zusammen mit den postsekund\u00e4ren Bildungseinrichtungen. Wir priorisieren die Unterst\u00fctzung junger Menschen, die in extremer Armut leben.<\/h6><\/div><div class=\"side-featured-wrapper fss-rectangle kd-animated fadeInRight\" data-animation-delay=\"200\">\n      <div class=\"featured-image\"><img width=\"660\" height=\"530\" src=\"https:\/\/pstangarana.com\/de\/wp-content\/uploads\/2023\/06\/stipendienwesen-1.webp\" class=\"attachment-full\" alt=\"\" decoding=\"async\" loading=\"lazy\" title=\"stipendienwesen-1\" srcset=\"https:\/\/pstangarana.com\/de\/wp-content\/uploads\/2023\/06\/stipendienwesen-1.webp 660w, https:\/\/pstangarana.com\/de\/wp-content\/uploads\/2023\/06\/stipendienwesen-1-300x241.webp 300w\" sizes=\"(max-width: 660px) 100vw, 660px\" \/><\/div>\n    <\/div><\/div>\n            <\/section><section id=\"Zahnhygiene\" class=\"featured-left \"><li class=\"nav-label\"><a class=\"feature-tabs-scroll\" href=\"#Zahnhygiene\"><span class=\"nav-number\"><\/span>Zahnhygiene<\/a><\/li><div class=\"container\">\n                <div class=\"side-content-wrapper kd-animated fadeInRight\" data-animation-delay=\"200\"><h2 class=\"side-content-title\" >Basisprojekt f\u00fcr Zahnhygiene<\/h2><h6 class=\"side-content-subtitle\" >Diese Initiative wurde ins Leben gerufen, um die Mund- und Zahnhygiene der M\u00e4dchen des Internats \u00abCasa del Estudiante Virgen de las Mercedes\u00bb zu verbessern. Sie alle kommen aus l\u00e4ndlichen Gegenden im Alto Mayo- einem Teil von peruanischen Amazonien. Sie stammen aus \u00e4rmlichen Verh\u00e4ltnissen, ohne Zugang zu einer grundlegenden zahn\u00e4rztlichen Versorgung. Dieses Projekt unterst\u00fctzt die freiwillige Arbeit der behandelnden Zahn\u00e4rzte, indem es die notwendigen Materialien und Utensilien zur Verf\u00fcgung stellt.<\/h6><\/div><div class=\"side-featured-wrapper fss-rectangle kd-animated fadeInLeft\" data-animation-delay=\"200\">\n      <div class=\"featured-image\"><img width=\"660\" height=\"530\" src=\"https:\/\/pstangarana.com\/de\/wp-content\/uploads\/2023\/06\/zahnhygiene.webp\" class=\"attachment-full\" alt=\"\" decoding=\"async\" loading=\"lazy\" title=\"zahnhygiene\" srcset=\"https:\/\/pstangarana.com\/de\/wp-content\/uploads\/2023\/06\/zahnhygiene.webp 660w, https:\/\/pstangarana.com\/de\/wp-content\/uploads\/2023\/06\/zahnhygiene-300x241.webp 300w\" sizes=\"(max-width: 660px) 100vw, 660px\" \/><\/div>\n    <\/div><\/div>\n            <\/section><section id=\"Freiwilligenarbeit\" class=\"featured-right \"><li class=\"nav-label\"><a class=\"feature-tabs-scroll\" href=\"#Freiwilligenarbeit\"><span class=\"nav-number\"><\/span>Freiwilligenarbeit<\/a><\/li><div class=\"container\">\n                <div class=\"side-content-wrapper kd-animated fadeInLeft\" data-animation-delay=\"200\"><h2 class=\"side-content-title\" >Freiwilligenarbeit<\/h2><h6 class=\"side-content-subtitle\" >Wir sind der \u00dcberzeugung, dass Freiwillige ein Schub f\u00fcr unser soziales Projekt sind. Wir begr\u00fcssen sowohl nationale als auch internationale Freiwillige, die an unseren Projekten mitwirken m\u00f6chten.<\/h6><\/div><div class=\"side-featured-wrapper fss-rectangle kd-animated fadeInRight\" data-animation-delay=\"200\">\n      <div class=\"featured-image\"><img width=\"660\" height=\"530\" src=\"https:\/\/pstangarana.com\/de\/wp-content\/uploads\/2023\/06\/freiwilligenarbeit.webp\" class=\"attachment-full\" alt=\"\" decoding=\"async\" loading=\"lazy\" title=\"freiwilligenarbeit\" srcset=\"https:\/\/pstangarana.com\/de\/wp-content\/uploads\/2023\/06\/freiwilligenarbeit.webp 660w, https:\/\/pstangarana.com\/de\/wp-content\/uploads\/2023\/06\/freiwilligenarbeit-300x241.webp 300w\" sizes=\"(max-width: 660px) 100vw, 660px\" \/><\/div>\n    <\/div><\/div>\n            <\/section><section id=\"L\u00e4ufer-f\u00fcr-Amazonien\" class=\"featured-left \"><li class=\"nav-label\"><a class=\"feature-tabs-scroll\" href=\"#L\u00e4ufer-f\u00fcr-Amazonien\"><span class=\"nav-number\"><\/span>Internatsm\u00e4dchen<\/a><\/li><div class=\"container\">\n                <div class=\"side-content-wrapper kd-animated fadeInRight\" data-animation-delay=\"200\"><h2 class=\"side-content-title\" >Internatsm\u00e4dchen<\/h2><h6 class=\"side-content-subtitle\" >Wir unterst\u00fctzen die M\u00e4dchen im Internat Moyobamba durch Computer- und N\u00e4hkurse.<\/h6><\/div><div class=\"side-featured-wrapper fss-rectangle kd-animated fadeInLeft\" data-animation-delay=\"200\">\n      <div class=\"featured-image\"><img width=\"660\" height=\"530\" src=\"https:\/\/pstangarana.com\/de\/wp-content\/uploads\/2026\/02\/Group-677-1.png\" class=\"attachment-full\" alt=\"\" decoding=\"async\" loading=\"lazy\" title=\"Group 677 (1)\" srcset=\"https:\/\/pstangarana.com\/de\/wp-content\/uploads\/2026\/02\/Group-677-1.png 660w, https:\/\/pstangarana.com\/de\/wp-content\/uploads\/2026\/02\/Group-677-1-300x241.png 300w\" sizes=\"(max-width: 660px) 100vw, 660px\" \/><\/div>\n    <\/div><\/div>\n            <\/section><section id=\"Carrera de las Narices\" class=\"featured-right \"><li class=\"nav-label\"><a class=\"feature-tabs-scroll\" href=\"#Carrera de las Narices\"><span class=\"nav-number\"><\/span>Carrera de las Narices<\/a><\/li><div class=\"container\">\n                <div class=\"side-content-wrapper kd-animated fadeInLeft\" data-animation-delay=\"200\"><h2 class=\"side-content-title\" >Carrera de las Narices<\/h2><h6 class=\"side-content-subtitle\" >Eine Sportveranstaltung, die das Gemeinschaftsgef\u00fchl f\u00f6rdert und ideal f\u00fcr die ganze Familie ist. Erwachsene und Kinder k\u00f6nnen teilnehmen und vor allem Spa\u00df haben.<\/h6><\/div><div class=\"side-featured-wrapper fss-rectangle kd-animated fadeInRight\" data-animation-delay=\"200\">\n      <div class=\"featured-image\"><img width=\"660\" height=\"530\" src=\"https:\/\/pstangarana.com\/de\/wp-content\/uploads\/2026\/02\/Group-678.png\" class=\"attachment-full\" alt=\"\" decoding=\"async\" loading=\"lazy\" title=\"Group 678\" srcset=\"https:\/\/pstangarana.com\/de\/wp-content\/uploads\/2026\/02\/Group-678.png 660w, https:\/\/pstangarana.com\/de\/wp-content\/uploads\/2026\/02\/Group-678-300x241.png 300w\" sizes=\"(max-width: 660px) 100vw, 660px\" \/><\/div>\n    <\/div><\/div>\n            <\/section><section id=\"Lokale-Initiativen\" class=\"featured-left \"><li class=\"nav-label\"><a class=\"feature-tabs-scroll\" href=\"#Lokale-Initiativen\"><span class=\"nav-number\"><\/span>Lokale Initiativen<\/a><\/li><div class=\"container\">\n                <div class=\"side-content-wrapper kd-animated fadeInRight\" data-animation-delay=\"200\"><h2 class=\"side-content-title\" >Lokale Initiativen<\/h2><h6 class=\"side-content-subtitle\" >Jeden Freitag treffen sich unsere Mitglieder jeden Alters an unserem Treffpunkt, um sportliche Aktivit\u00e4ten, das Fertigen von Kunsthandwerk, das Zusammenleben und Spendensammlungen zu organisieren. Diese Treffen zielen darauf ab, ein gesundes Leben, Solidarit\u00e4t und Gemeinschaft zu f\u00f6rdern.<\/h6><\/div><div class=\"side-featured-wrapper fss-rectangle kd-animated fadeInLeft\" data-animation-delay=\"200\">\n      <div class=\"featured-image\"><img width=\"660\" height=\"530\" src=\"https:\/\/pstangarana.com\/de\/wp-content\/uploads\/2023\/06\/il-block-1.webp\" class=\"attachment-full\" alt=\"\" decoding=\"async\" loading=\"lazy\" title=\"il-block-1\" srcset=\"https:\/\/pstangarana.com\/de\/wp-content\/uploads\/2023\/06\/il-block-1.webp 660w, https:\/\/pstangarana.com\/de\/wp-content\/uploads\/2023\/06\/il-block-1-300x241.webp 300w\" sizes=\"(max-width: 660px) 100vw, 660px\" \/><\/div>\n    <\/div><\/div>\n            <\/section>\n            <\/div><style><\/style>[\/vc_column][\/vc_row][vc_row full_width=\u00bbstretch_row_content\u00bb kd_background_image_position=\u00bbvc_row-bg-position-top\u00bb][vc_column]<header class=\"kd-section-title vc_col-lg-6 vc_col-sm-8 text-center  subtitle-below-title kd-animated fadeIn   vc_custom_1671167542461\" data-animation-delay=200><h2 class=\"separator_off\" style=\"font-size: 1.3rem;\">All diese Projekte konnten dank der Beitr\u00e4ge unserer Partner gestartet werden, die durch ihre Spende zu einer gerechteren Gesellschaft beitragen.<\/h2><\/header>[\/vc_column][\/vc_row][vc_row full_width=\u00bbstretch_row\u00bb kd_background_image_position=\u00bbvc_row-bg-position-top\u00bb css=\u00bb.vc_custom_1671167482650{padding-top: 100px !important;}\u00bb][vc_column]<header class=\"kd-section-title vc_col-lg-6 vc_col-sm-8 text-center solid-line sep-border-width-2  subtitle-below-title kd-animated fadeIn   vc_custom_1671167096435\" data-animation-delay=200><h2 class=\"separator_on\" >Vorstand Verein Tangarana<\/h2><div class=\"kd-separator below_title\" ><div class=\"kd-separator-line\" ><\/div><\/div><\/header>[vc_row_inner kd_background_image_position=\u00bbvc_row-bg-position-top\u00bb css=\u00bb.vc_custom_1671167579858{padding-top: 50px !important;padding-bottom: 80px !important;}\u00bb][vc_column_inner width=\u00bb1\/3&#8243; css=\u00bb.vc_custom_1598632742200{padding-right: 0px !important;padding-left: 0px !important;}\u00bb css_tablet_portrait=\u00bb.vc_custom_1598632742201{padding-right: 5px !important;padding-left: 5px !important;}\u00bb css_tablet_landscape=\u00bb.vc_custom_1598632742201{padding-right: 10px !important;padding-left: 10px !important;}\u00bb]<div class=\"team-member design-classic kd-animated zoomIn socials-disabled\" >\n                    <div class=\"team-content\">\n                        <div class=\"team-image-overlay\"><\/div>\n                        <div class=\"team-image\"><img width=\"212\" height=\"214\" src=\"https:\/\/pstangarana.com\/de\/wp-content\/uploads\/2023\/06\/Meier-suiza.webp\" class=\"attachment-full\" alt=\"\" decoding=\"async\" loading=\"lazy\" title=\"Meier-suiza\" srcset=\"https:\/\/pstangarana.com\/de\/wp-content\/uploads\/2023\/06\/Meier-suiza.webp 212w, https:\/\/pstangarana.com\/de\/wp-content\/uploads\/2023\/06\/Meier-suiza-150x150.webp 150w\" sizes=\"(max-width: 212px) 100vw, 212px\" \/><\/div>\n                        <div class=\"team-content-text\" >\n                        <div class=\"team-content-text-inner\">\n                        <h5 >Walter Meier<\/h5>\n                        <span class=\"team-subtitle\" >Pr\u00e4sident<\/span>\n                        <p >Walter Meier, geb. 1952<br \/>\npensionierter Pfarrer<br \/>\nverheiratet, 2 S\u00f6hne, 4 Enkelkinder<br \/>\nSeit seiner Jugend engagiert in Fragen der Entwicklungszusammenarbeit, besonders in Kuba, Nicaragua und Peru.<br \/>\nMeine Motivation daf\u00fcr kann ich am besten mit zwei Zitaten von Albert Schweitzer ausdr\u00fccken:<br \/>\n1. \u201eDer wahre Sinn des Lebens ist der Dienst an der Verwirklichung einer besseren Welt.\u201c<br \/>\n2. \u201eDu kannst nicht die ganze Welt ver\u00e4ndern, aber du kannst doch einem einzelnen Menschen Hoffnung geben.\u201c<\/p><\/div><\/div>\n                    <\/div>\n                <\/div>[\/vc_column_inner][vc_column_inner width=\u00bb1\/3&#8243; css=\u00bb.vc_custom_1598632735975{padding-right: 0px !important;padding-left: 0px !important;}\u00bb css_tablet_portrait=\u00bb.vc_custom_1598632735977{padding-right: 5px !important;padding-left: 5px !important;}\u00bb css_tablet_landscape=\u00bb.vc_custom_1598632735976{padding-right: 10px !important;padding-left: 10px !important;}\u00bb]<div class=\"team-member design-classic kd-animated zoomIn socials-disabled\" >\n                    <div class=\"team-content\">\n                        <div class=\"team-image-overlay\"><\/div>\n                        <div class=\"team-image\"><img width=\"487\" height=\"487\" src=\"https:\/\/pstangarana.com\/de\/wp-content\/uploads\/2023\/06\/Maritza.webp\" class=\"attachment-full\" alt=\"\" decoding=\"async\" loading=\"lazy\" title=\"Maritza\" srcset=\"https:\/\/pstangarana.com\/de\/wp-content\/uploads\/2023\/06\/Maritza.webp 487w, https:\/\/pstangarana.com\/de\/wp-content\/uploads\/2023\/06\/Maritza-300x300.webp 300w, https:\/\/pstangarana.com\/de\/wp-content\/uploads\/2023\/06\/Maritza-150x150.webp 150w, https:\/\/pstangarana.com\/de\/wp-content\/uploads\/2023\/06\/Maritza-320x320.webp 320w\" sizes=\"(max-width: 487px) 100vw, 487px\" \/><\/div>\n                        <div class=\"team-content-text\" >\n                        <div class=\"team-content-text-inner\">\n                        <h5 >Mari Alva<\/h5>\n                        <span class=\"team-subtitle\" >Vizepr\u00e4sidentin<\/span>\n                        <p >Mari Alva<br \/>\n(Rioja, Peru, 1967)<br \/>\nSie studierte Agrarindustrieingenieurwesen an der Universidad Nacional Agraria La Molina in Lima-Peru und an der Universidad Polit\u00e9cnica de Catalu\u00f1a in Barcelona \u2013 Spanien.<br \/>\nGr\u00fcnderin der Sozialplattform von Tangarana. Um mehr \u00fcber diese Organisation zu erfahren, besuchen Sie deren Website:<br \/>\nwww.cetangarana.com<\/p><\/div><\/div>\n                    <\/div>\n                <\/div>[\/vc_column_inner][vc_column_inner width=\u00bb1\/3&#8243; css=\u00bb.vc_custom_1598632747217{padding-right: 0px !important;padding-left: 0px !important;}\u00bb css_tablet_portrait=\u00bb.vc_custom_1598632747218{padding-right: 5px !important;padding-left: 5px !important;}\u00bb css_tablet_landscape=\u00bb.vc_custom_1598632747217{padding-right: 10px !important;padding-left: 10px !important;}\u00bb]<div class=\"team-member design-classic kd-animated zoomIn socials-disabled\" >\n                    <div class=\"team-content\">\n                        <div class=\"team-image-overlay\"><\/div>\n                        <div class=\"team-image\"><img width=\"487\" height=\"487\" src=\"https:\/\/pstangarana.com\/de\/wp-content\/uploads\/2023\/06\/regula.webp\" class=\"attachment-full\" alt=\"\" decoding=\"async\" loading=\"lazy\" title=\"regula\" srcset=\"https:\/\/pstangarana.com\/de\/wp-content\/uploads\/2023\/06\/regula.webp 487w, https:\/\/pstangarana.com\/de\/wp-content\/uploads\/2023\/06\/regula-300x300.webp 300w, https:\/\/pstangarana.com\/de\/wp-content\/uploads\/2023\/06\/regula-150x150.webp 150w, https:\/\/pstangarana.com\/de\/wp-content\/uploads\/2023\/06\/regula-320x320.webp 320w\" sizes=\"(max-width: 487px) 100vw, 487px\" \/><\/div>\n                        <div class=\"team-content-text\" >\n                        <div class=\"team-content-text-inner\">\n                        <h5 >Regula Hoch<\/h5>\n                        <span class=\"team-subtitle\" >Beisitzerin<\/span>\n                        <p >Regula Hoch, geb. 1958<br \/>\nLeiterin von Lehrg\u00e4ngen in Erwachsenenbildung (Ausbildung der Ausbildenden), inzwischen halbpensioniert.<\/p>\n<p>Das Engagement f\u00fcr Tangarana liegt mir am Herzen, weil es jungen Menschen eine Zukunftsperspektive er\u00f6ffnet. Mit einer Ausbildung haben sie bessere Chancen, ein w\u00fcrdevolles Leben zu f\u00fchren und der Armut ein St\u00fcck weit zu entkommen. Weiter \u00fcberzeugt das Konzept der Hilfe zur Selbsthilfe, und so setze ich mich gern im Vorstand des Vereins Tangarana Schweiz daf\u00fcr ein, dass die verschiedenen Projekte im besten Sinne realisiert werden k\u00f6nnen.<\/p><\/div><\/div>\n                    <\/div>\n                <\/div>[\/vc_column_inner][\/vc_row_inner][\/vc_column][\/vc_row]<\/p>\n<\/section>","protected":false},"excerpt":{"rendered":"<p>[vc_row full_width=\u00bbstretch_row\u00bb full_height=\u00bbyes\u00bb kd_background_image_position=\u00bbvc_row-bg-position-top\u00bb css=\u00bb.vc_custom_1771459191385{padding-top: 370px !important;background-image: url(https:\/\/pstangarana.com\/de\/wp-content\/uploads\/2026\/02\/20231203_120144-2.png?id=345) !important;background-position: center !important;background-repeat: no-repeat !important;background-size: cover !important;}\u00bb css_mobile=\u00bb.vc_custom_1771459191385{padding-top: 150px !important;}\u00bb css_tablet_landscape=\u00bb.vc_custom_1771459191385{padding-top: 200px [&hellip;]<\/p>\n","protected":false},"author":1,"featured_media":0,"parent":0,"menu_order":0,"comment_status":"closed","ping_status":"closed","template":"","meta":[],"_links":{"self":[{"href":"https:\/\/pstangarana.com\/de\/wp-json\/wp\/v2\/pages\/80"}],"collection":[{"href":"https:\/\/pstangarana.com\/de\/wp-json\/wp\/v2\/pages"}],"about":[{"href":"https:\/\/pstangarana.com\/de\/wp-json\/wp\/v2\/types\/page"}],"author":[{"embeddable":true,"href":"https:\/\/pstangarana.com\/de\/wp-json\/wp\/v2\/users\/1"}],"replies":[{"embeddable":true,"href":"https:\/\/pstangarana.com\/de\/wp-json\/wp\/v2\/comments?post=80"}],"version-history":[{"count":50,"href":"https:\/\/pstangarana.com\/de\/wp-json\/wp\/v2\/pages\/80\/revisions"}],"predecessor-version":[{"id":347,"href":"https:\/\/pstangarana.com\/de\/wp-json\/wp\/v2\/pages\/80\/revisions\/347"}],"wp:attachment":[{"href":"https:\/\/pstangarana.com\/de\/wp-json\/wp\/v2\/media?parent=80"}],"curies":[{"name":"wp","href":"https:\/\/api.w.org\/{rel}","templated":true}]}}