{"id":13,"date":"2022-12-14T20:26:09","date_gmt":"2022-12-14T20:26:09","guid":{"rendered":"https:\/\/pstangarana.com\/de\/?page_id=13"},"modified":"2023-06-05T16:58:36","modified_gmt":"2023-06-05T16:58:36","slug":"home","status":"publish","type":"page","link":"https:\/\/pstangarana.com\/de\/","title":{"rendered":"Home"},"content":{"rendered":"<section class=\"wpb-content-wrapper\"><p>[vc_row full_width=\u00bbstretch_row\u00bb full_height=\u00bbyes\u00bb kd_background_image_position=\u00bbvc_row-bg-position-center\u00bb kd_image_overlay_color=\u00bbrgba(3,15,39,0.35)\u00bb kd_fixed_background=\u00bbtrue\u00bb kd_image_overlay=\u00bbtrue\u00bb css=\u00bb.vc_custom_1685984255263{padding-bottom: 330px !important;background-image: url(https:\/\/pstangarana.com\/de\/wp-content\/uploads\/2023\/06\/de-pst.webp?id=175) !important;background-position: center !important;background-repeat: no-repeat !important;background-size: cover !important;}\u00bb css_mobile=\u00bb.vc_custom_1685984255263{margin-top: 0px !important;padding-top: 100px !important;padding-bottom: 150px !important;}\u00bb css_tablet_portrait=\u00bb.vc_custom_1685984255263{margin-top: 0px !important;padding-top: 200px !important;padding-bottom: 250px !important;}\u00bb top_section_title=\u00bb\u00bb bottom_section_title=\u00bb\u00bb][vc_column][vc_row_inner kd_background_image_position=\u00bbvc_row-bg-position-top\u00bb css=\u00bb.vc_custom_1671052041049{margin-top: 300px !important;margin-bottom: 20px !important;}\u00bb][vc_column_inner]<header class=\"kd-section-title col-lg-12 text-center  subtitle-below-title kd-animated fadeIn   vc_custom_1671051982680\" data-animation-delay=200><h2 class=\"separator_off\" style=\"color: #ffffff;font-size: 100px;line-height: 70px;margin-bottom:35px;\">Verein Tangarana<\/h2><h6 class=\"subtitle\" style=\"color: #ffffff;font-size:30px;\">Unsere Aktivit\u00e4ten konzentrieren sich auf die Bereitstellung und Unterst\u00fctzung in den Bereichen Bildung, Ausbildung und Gesundheit<\/h6><\/header><a  href=\"#firstsection\"  class=\"tt_button tt_primary_button btn_primary_color hover_solid_white button-center button-scroll-to-section icon_right  kd-animated zoomIn btn-smooth-scroll\" data-animation-delay=200><span class=\"prim_text\">Mehr sehen<\/span><span class=\"fas fa-chevron-right iconita\" ><\/span><\/a>[\/vc_column_inner][\/vc_row_inner][\/vc_column][\/vc_row][vc_row full_width=\u00bbstretch_row_content\u00bb kd_background_image_position=\u00bbvc_row-bg-position-top\u00bb css=\u00bb.vc_custom_1675607450861{margin-top: 100px !important;padding-top: 60px !important;padding-bottom: 20px !important;}\u00bb el_id=\u00bbfirstsection\u00bb][vc_column]<header class=\"kd-section-title vc_col-lg-6 vc_col-sm-8 text-center solid-line sep-border-width-2  subtitle-below-title kd-animated fadeIn   vc_custom_1675607574123\" data-animation-delay=200><h2 class=\"separator_on\" style=\"font-size: 1.5rem;\"><span style=\"color:#1A7C4A;\">Der Verein Tangarana<\/span> in der Schweiz wurde im Dezember 2019 gegr\u00fcndet und hat seinen Sitz im Kanton Z\u00fcrich. Wir unterst\u00fctzen haupts\u00e4chlich zwei Tangarana-Projekte in Peru:<\/h2><div class=\"kd-separator below_title\" ><div class=\"kd-separator-line\" ><\/div><\/div><\/header>[\/vc_column][\/vc_row][vc_row kd_background_image_position=\u00bbvc_row-bg-position-top\u00bb css=\u00bb.vc_custom_1670718028368{padding-bottom: 100px !important;}\u00bb][vc_column width=\u00bb1\/2&#8243;][vc_single_image image=\u00bb169&#8243; img_size=\u00bbfull\u00bb alignment=\u00bbcenter\u00bb style=\u00bbvc_box_rounded\u00bb css=\u00bb.vc_custom_1685984267460{padding-bottom: 14px !important;border-radius: 40px !important;}\u00bb]<header class=\"kd-section-title col-lg-12 text-left solid-line sep-border-width-1  subtitle-below-title   \" ><div class=\"kd-separator above_title\" ><div class=\"kd-separator-line\" ><\/div><\/div><h2 class=\"separator_on\" ><span style=\"color:#1A7C4A;\">Stipendienwesen<\/span><\/h2><h6 class=\"subtitle\" style=\"font-size:1.2rem;\">(Berufsausbildung f\u00fcr Jugendliche)<\/h6><\/header>[vc_column_text]<\/p>\n<ul>\n<li>Unterst\u00fctzung bei Ausbildungskosten und Verpflegung<\/li>\n<li>Entscheidungen werden mit den Bildungseinrichtungen getroffen<\/li>\n<li>Priorit\u00e4re Unterst\u00fctzung junger Menschen aus extremer Armut<\/li>\n<li>Auszubildende erhalten gratis Zugang zu IT-Infrastruktur<\/li>\n<\/ul>\n<p>[\/vc_column_text][\/vc_column][vc_column width=\u00bb1\/2&#8243;][vc_single_image image=\u00bb176&#8243; img_size=\u00bbfull\u00bb alignment=\u00bbcenter\u00bb style=\u00bbvc_box_rounded\u00bb css=\u00bb.vc_custom_1685984274388{padding-bottom: 14px !important;border-radius: 40px !important;}\u00bb]<header class=\"kd-section-title col-lg-12 text-left solid-line sep-border-width-1  subtitle-below-title   \" ><div class=\"kd-separator above_title\" ><div class=\"kd-separator-line\" ><\/div><\/div><h2 class=\"separator_on\" >Basisprojekt f\u00fcr <span style=\"color:#1A7C4A;\">Zahnhygiene<\/span><\/h2><\/header>[vc_column_text]<\/p>\n<ul>\n<li>Unterst\u00fctzung der M\u00e4dchen des Internats Casa del Estudiante\u00a0\u00abVirgen de las Mercedes\u00bb<\/li>\n<li>Initiative zur Verbesserung der Mund- und Zahnhygiene<\/li>\n<li>Die \u00e4rmlichen Verh\u00e4ltnisse, aus denen diese M\u00e4dchen stammen, erlauben sonst keine zahn\u00e4rztliche Versorgung<\/li>\n<\/ul>\n<p>[\/vc_column_text][\/vc_column][\/vc_row][vc_row full_width=\u00bbstretch_row_content\u00bb kd_background_image_position=\u00bbvc_row-bg-position-top\u00bb css=\u00bb.vc_custom_1599214997929{margin-bottom: 100px !important;}\u00bb][vc_column css=\u00bb.vc_custom_1599051130307{padding-right: 0px !important;padding-left: 0px !important;}\u00bb][vc_row_inner full_width=\u00bbinner_row_contained\u00bb kd_background_image_position=\u00bbvc_row-bg-position-top\u00bb kd_background_overlay=\u00bbtrue\u00bb css=\u00bb.vc_custom_1599051124487{margin-right: 60px !important;margin-left: 60px !important;padding-top: 100px !important;padding-bottom: 120px !important;border-radius: 50px !important;}\u00bb css_tablet_landscape=\u00bb.vc_custom_1599051124488{margin-right: 0px !important;margin-left: 0px !important;border-radius: 0px !important;}\u00bb css_tablet_portrait=\u00bb.vc_custom_1599051124490{margin-right: 0px !important;margin-left: 0px !important;border-radius: 0px !important;}\u00bb css_mobile=\u00bb.vc_custom_1599051124491{margin-right: 0px !important;margin-left: 0px !important;border-radius: 0px !important;}\u00bb][vc_column_inner css=\u00bb.vc_custom_1599051160049{padding-top: 50px !important;padding-right: 125px !important;padding-left: 0px !important;}\u00bb offset=\u00bbvc_col-lg-offset-0 vc_col-lg-6 vc_col-md-offset-0 vc_col-sm-offset-0&#8243; css_tablet_landscape=\u00bb.vc_custom_1599051160051{padding-top: 0px !important;padding-right: 30px !important;padding-left: 30px !important;}\u00bb css_tablet_portrait=\u00bb.vc_custom_1599051160052{padding-top: 0px !important;padding-right: 15px !important;padding-left: 15px !important;}\u00bb css_mobile=\u00bb.vc_custom_1599051160053{padding-top: 0px !important;padding-right: 15px !important;padding-left: 15px !important;}\u00bb]<header class=\"kd-section-title col-lg-12 text-left  subtitle-below-title kd-animated fadeIn   vc_custom_1671054015217\" data-animation-delay=200><h2 class=\"separator_off\" style=\"margin-bottom:30px;\">Werden Sie Mitglied unseres <span style=\"color:#1A7C4A;\">Unterst\u00fctzungsvereins!<\/span><\/h2><h6 class=\"subtitle\" >Um die Projekte Tangaranas zu unterst\u00fctzen,<br \/>\nk\u00f6nnen Sie eine \u00dcberweisung auf unser Spendenkonto vornehmen:<\/h6><\/header><div class=\"key-icon-box icon-default  cont-left ib-no-effect       kd-animated fadeIn\" style=\"background-color: transparent;\" data-animation-delay=400><h6 class=\"service-heading\" >Vereinskonto \/ Spenden<br \/>\nCH89 8080 8002 2815 8506 9<br \/>\nTangarana \u2013 Verein zur Unterst\u00fctzung von Jugendlichen<br \/>\n8173 Neerach<\/h6><p style=\"font-size: 18px;\">Da unsere gemeinn\u00fctzige Organisation in der Schweiz anerkannt ist, k\u00f6nnen Sie Ihre Spende in der Steuererkl\u00e4rung abziehen.<\/p>\n<p>Haben Sie Fragen, z\u00f6gern Sie nicht und kontaktieren Sie<br \/>\nuns unter folgender E-Mail adresse: info@pstangarana.com<\/p>\n<p>Wir freuen uns auf Ihre Nachricht. Verein Tangarana<\/p><\/div>[\/vc_column_inner][vc_column_inner css=\u00bb.vc_custom_1599051215703{padding-right: 0px !important;}\u00bb offset=\u00bbvc_col-lg-6&#8243; css_tablet_landscape=\u00bb.vc_custom_1599051215704{margin-top: 50px !important;padding-right: 15px !important;}\u00bb css_tablet_portrait=\u00bb.vc_custom_1599051215705{margin-top: 50px !important;padding-right: 15px !important;}\u00bb css_mobile=\u00bb.vc_custom_1599051215706{margin-top: 50px !important;padding-right: 15px !important;}\u00bb]<div class=\"kd-photo-group group-layout-left-right large-shadow enable-parallax  vc_custom_1685984288711\">\n                <div class=\"kd-group-image first-image-wrapper\"><div class=\"kd-group-image-animation kd-animated fadeInDown\" data-animation-delay=200><img width=\"370\" height=\"450\" src=\"https:\/\/pstangarana.com\/de\/wp-content\/uploads\/2023\/06\/img-4.webp\" class=\"attachment-full\" alt=\"\" decoding=\"async\" loading=\"lazy\" title=\"img-4\" srcset=\"https:\/\/pstangarana.com\/de\/wp-content\/uploads\/2023\/06\/img-4.webp 370w, https:\/\/pstangarana.com\/de\/wp-content\/uploads\/2023\/06\/img-4-247x300.webp 247w\" sizes=\"(max-width: 370px) 100vw, 370px\" \/><\/div><\/div>\n                <div class=\"kd-group-image second-image-wrapper\" style=\"bottom: 5%;\"><div class=\"kd-group-image-animation kd-animated fadeInUp\" data-animation-delay=200><img width=\"370\" height=\"390\" src=\"https:\/\/pstangarana.com\/de\/wp-content\/uploads\/2023\/06\/img-5.webp\" class=\"attachment-full\" alt=\"\" decoding=\"async\" loading=\"lazy\" title=\"img-5\" srcset=\"https:\/\/pstangarana.com\/de\/wp-content\/uploads\/2023\/06\/img-5.webp 370w, https:\/\/pstangarana.com\/de\/wp-content\/uploads\/2023\/06\/img-5-285x300.webp 285w\" sizes=\"(max-width: 370px) 100vw, 370px\" \/><\/div><\/div>\n            <\/div><div class=\"kd-shapes shape_dots with-parallax kd-animated zoomIn\" style=\"top: 20px;left: 265px;width: 172px;height: 173px;\" data-parallax-speed=\"-0.1\" data-animation-delay=400><\/div><div class=\"kd-shapes shape_dots with-parallax kd-animated zoomIn\" style=\"right: -60px;bottom: -60px;width: 340px;height: 173px;\" data-parallax-speed=\"-0.05\" data-animation-delay=400><\/div>[\/vc_column_inner][\/vc_row_inner][\/vc_column][\/vc_row][vc_row full_width=\u00bbstretch_row_content\u00bb kd_background_image_position=\u00bbvc_row-bg-position-top\u00bb css=\u00bb.vc_custom_1670785351422{padding-top: 100px !important;padding-bottom: 70px !important;}\u00bb][vc_column width=\u00bb1\/6&#8243;][\/vc_column][vc_column width=\u00bb2\/3&#8243;][vc_row_inner kd_background_image_position=\u00bbvc_row-bg-position-top\u00bb][vc_column_inner]<header class=\"kd-section-title col-lg-8 vc_col-sm-8 text-center  subtitle-below-title kd-animated fadeIn   vc_custom_1671054293736\" data-animation-delay=200><h2 class=\"separator_off\" >Die <span style=\"color:#1A7C4A;\">Gr\u00fcnderin<\/span> dieses Projektes hat zwei B\u00fccher, geschrieben in denen man mehr \u00fcber das Projekt erf\u00e4hrt.<\/h2><h6 class=\"subtitle\" >Der gesamte Erl\u00f6s aus dem Verkauf dieser B\u00fccher wird \u00fcber die gemeinn\u00fctzige Plattform Tangarana im Alto Mayo-Tal an das Stipendienprogramm gespendet, das sich an junge Menschen aus benachteiligten Gruppen richtet.<\/h6><\/header>[\/vc_column_inner][\/vc_row_inner]<div class=\"mg-gallery mg-container row three-columns\" ><div class=\"mg-sizer\"><\/div><div class=\"mg-single-img small-masonry-img\"><a data-size=\"1707x2560\" href=https:\/\/pstangarana.com\/de\/wp-content\/uploads\/2023\/06\/mari-alva.webp  ><img width=\"1707\" height=\"2560\" src=\"https:\/\/pstangarana.com\/de\/wp-content\/uploads\/2023\/06\/mari-alva.webp\" class=\"attachment-full\" alt=\"\" decoding=\"async\" loading=\"lazy\" title=\"mari-alva\" srcset=\"https:\/\/pstangarana.com\/de\/wp-content\/uploads\/2023\/06\/mari-alva.webp 1707w, https:\/\/pstangarana.com\/de\/wp-content\/uploads\/2023\/06\/mari-alva-200x300.webp 200w, https:\/\/pstangarana.com\/de\/wp-content\/uploads\/2023\/06\/mari-alva-683x1024.webp 683w, https:\/\/pstangarana.com\/de\/wp-content\/uploads\/2023\/06\/mari-alva-768x1152.webp 768w, https:\/\/pstangarana.com\/de\/wp-content\/uploads\/2023\/06\/mari-alva-1024x1536.webp 1024w, https:\/\/pstangarana.com\/de\/wp-content\/uploads\/2023\/06\/mari-alva-1366x2048.webp 1366w\" sizes=\"(max-width: 1707px) 100vw, 1707px\" \/><\/a><\/div><div class=\"mg-single-img small-masonry-img\"><a data-size=\"1707x2560\" href=https:\/\/pstangarana.com\/de\/wp-content\/uploads\/2023\/06\/zwei-eidechsen-die-sich-stritten.webp  ><img width=\"1707\" height=\"2560\" src=\"https:\/\/pstangarana.com\/de\/wp-content\/uploads\/2023\/06\/zwei-eidechsen-die-sich-stritten.webp\" class=\"attachment-full\" alt=\"\" decoding=\"async\" loading=\"lazy\" title=\"zwei-eidechsen-die-sich-stritten\" srcset=\"https:\/\/pstangarana.com\/de\/wp-content\/uploads\/2023\/06\/zwei-eidechsen-die-sich-stritten.webp 1707w, https:\/\/pstangarana.com\/de\/wp-content\/uploads\/2023\/06\/zwei-eidechsen-die-sich-stritten-200x300.webp 200w, https:\/\/pstangarana.com\/de\/wp-content\/uploads\/2023\/06\/zwei-eidechsen-die-sich-stritten-683x1024.webp 683w, https:\/\/pstangarana.com\/de\/wp-content\/uploads\/2023\/06\/zwei-eidechsen-die-sich-stritten-768x1152.webp 768w, https:\/\/pstangarana.com\/de\/wp-content\/uploads\/2023\/06\/zwei-eidechsen-die-sich-stritten-1024x1536.webp 1024w, https:\/\/pstangarana.com\/de\/wp-content\/uploads\/2023\/06\/zwei-eidechsen-die-sich-stritten-1366x2048.webp 1366w\" sizes=\"(max-width: 1707px) 100vw, 1707px\" \/><\/a><\/div><div class=\"mg-single-img small-masonry-img\"><a data-size=\"1707x2560\" href=https:\/\/pstangarana.com\/de\/wp-content\/uploads\/2023\/06\/Mit-einem-Fuss-auf-jeder-Seite.webp  ><img width=\"1707\" height=\"2560\" src=\"https:\/\/pstangarana.com\/de\/wp-content\/uploads\/2023\/06\/Mit-einem-Fuss-auf-jeder-Seite.webp\" class=\"attachment-full\" alt=\"\" decoding=\"async\" loading=\"lazy\" title=\"Mit-einem-Fuss-auf-jeder-Seite\" srcset=\"https:\/\/pstangarana.com\/de\/wp-content\/uploads\/2023\/06\/Mit-einem-Fuss-auf-jeder-Seite.webp 1707w, https:\/\/pstangarana.com\/de\/wp-content\/uploads\/2023\/06\/Mit-einem-Fuss-auf-jeder-Seite-200x300.webp 200w, https:\/\/pstangarana.com\/de\/wp-content\/uploads\/2023\/06\/Mit-einem-Fuss-auf-jeder-Seite-683x1024.webp 683w, https:\/\/pstangarana.com\/de\/wp-content\/uploads\/2023\/06\/Mit-einem-Fuss-auf-jeder-Seite-768x1152.webp 768w, https:\/\/pstangarana.com\/de\/wp-content\/uploads\/2023\/06\/Mit-einem-Fuss-auf-jeder-Seite-1024x1536.webp 1024w, https:\/\/pstangarana.com\/de\/wp-content\/uploads\/2023\/06\/Mit-einem-Fuss-auf-jeder-Seite-1366x2048.webp 1366w\" sizes=\"(max-width: 1707px) 100vw, 1707px\" \/><\/a><\/div><\/div>[\/vc_column][vc_column width=\u00bb1\/6&#8243;][\/vc_column][\/vc_row]<\/p>\n<\/section>","protected":false},"excerpt":{"rendered":"<p>[vc_row full_width=\u00bbstretch_row\u00bb full_height=\u00bbyes\u00bb kd_background_image_position=\u00bbvc_row-bg-position-center\u00bb kd_image_overlay_color=\u00bbrgba(3,15,39,0.35)\u00bb kd_fixed_background=\u00bbtrue\u00bb kd_image_overlay=\u00bbtrue\u00bb css=\u00bb.vc_custom_1685984255263{padding-bottom: 330px !important;background-image: url(https:\/\/pstangarana.com\/de\/wp-content\/uploads\/2023\/06\/de-pst.webp?id=175) !important;background-position: center !important;background-repeat: no-repeat !important;background-size: cover !important;}\u00bb css_mobile=\u00bb.vc_custom_1685984255263{margin-top: 0px [&hellip;]<\/p>\n","protected":false},"author":1,"featured_media":0,"parent":0,"menu_order":0,"comment_status":"closed","ping_status":"closed","template":"","meta":[],"_links":{"self":[{"href":"https:\/\/pstangarana.com\/de\/wp-json\/wp\/v2\/pages\/13"}],"collection":[{"href":"https:\/\/pstangarana.com\/de\/wp-json\/wp\/v2\/pages"}],"about":[{"href":"https:\/\/pstangarana.com\/de\/wp-json\/wp\/v2\/types\/page"}],"author":[{"embeddable":true,"href":"https:\/\/pstangarana.com\/de\/wp-json\/wp\/v2\/users\/1"}],"replies":[{"embeddable":true,"href":"https:\/\/pstangarana.com\/de\/wp-json\/wp\/v2\/comments?post=13"}],"version-history":[{"count":46,"href":"https:\/\/pstangarana.com\/de\/wp-json\/wp\/v2\/pages\/13\/revisions"}],"predecessor-version":[{"id":182,"href":"https:\/\/pstangarana.com\/de\/wp-json\/wp\/v2\/pages\/13\/revisions\/182"}],"wp:attachment":[{"href":"https:\/\/pstangarana.com\/de\/wp-json\/wp\/v2\/media?parent=13"}],"curies":[{"name":"wp","href":"https:\/\/api.w.org\/{rel}","templated":true}]}}