{"id":22,"date":"2022-12-07T21:09:46","date_gmt":"2022-12-07T21:09:46","guid":{"rendered":"https:\/\/pstangarana.com\/ca\/?page_id=22"},"modified":"2023-06-05T16:30:00","modified_gmt":"2023-06-05T16:30:00","slug":"qui-som","status":"publish","type":"page","link":"https:\/\/pstangarana.com\/ca\/qui-som\/","title":{"rendered":"Qui Som"},"content":{"rendered":"<section class=\"wpb-content-wrapper\"><p>[vc_row full_width=\u00bbstretch_row\u00bb full_height=\u00bbyes\u00bb kd_background_image_position=\u00bbvc_row-bg-position-top\u00bb css=\u00bb.vc_custom_1685982482433{padding-top: 370px !important;background-image: url(https:\/\/pstangarana.com\/ca\/wp-content\/uploads\/2023\/06\/ca-qui-som.webp?id=9855) !important;background-position: center !important;background-repeat: no-repeat !important;background-size: cover !important;}\u00bb css_mobile=\u00bb.vc_custom_1685982482434{padding-top: 150px !important;}\u00bb css_tablet_landscape=\u00bb.vc_custom_1685982482433{padding-top: 200px !important;}\u00bb css_tablet_portrait=\u00bb.vc_custom_1685982482434{padding-top: 150px !important;}\u00bb top_section_title=\u00bb\u00bb bottom_section_title=\u00bb\u00bb][vc_column css=\u00bb.vc_custom_1516115464846{padding-left: 0px !important;}\u00bb][vc_row_inner kd_background_image_position=\u00bbvc_row-bg-position-top\u00bb css=\u00bb.vc_custom_1670816671851{margin-top: -100px !important;}\u00bb][vc_column_inner width=\u00bb2\/3&#8243;]<header class=\"kd-section-title col-lg-12 text-left  subtitle-below-title kd-animated fadeIn   vc_custom_1670816714746\" data-animation-delay=200><h1 class=\"separator_off\" style=\"color: #ffffff;font-size: 5rem;margin-bottom:30px;\">Sobre Nosaltres<\/h1><h6 class=\"subtitle\" style=\"color: #ffffff;\">El CE Tangarana es va fundar al febrer de l\u2019any 2015, despr\u00e9s d\u2019un primer Esdeveniment organitzat en el Morro de Calzada, per ve\u00efns de Moyobamba.<\/h6><\/header><a  href=\"#first-section\"  class=\"tt_button tt_primary_button btn_primary_color hover_solid_white btn-align-left button-scroll-to-section icon_right  kd-animated zoomIn demo-button btn-smooth-scroll\" data-animation-delay=200><span class=\"prim_text\">Coneix-nos<\/span><span class=\"fas fa-chevron-right iconita\" style=\"font-size:13px;\"><\/span><\/a>[\/vc_column_inner][vc_column_inner width=\u00bb1\/3&#8243; css=\u00bb.vc_custom_1597748338184{padding-top: 70px !important;}\u00bb][\/vc_column_inner][\/vc_row_inner][\/vc_column][\/vc_row][vc_row full_width=\u00bbstretch_row\u00bb content_placement=\u00bbmiddle\u00bb kd_background_image_position=\u00bbvc_row-bg-position-top\u00bb css=\u00bb.vc_custom_1670817375799{padding-top: 200px !important;padding-bottom: 10px !important;}\u00bb css_tablet_portrait=\u00bb.vc_custom_1670817375801{padding-top: 100px !important;}\u00bb css_mobile=\u00bb.vc_custom_1670817375802{padding-top: 100px !important;}\u00bb el_id=\u00bbfirst-section\u00bb][vc_column][vc_row_inner content_placement=\u00bbmiddle\u00bb kd_background_image_position=\u00bbvc_row-bg-position-top\u00bb][vc_column_inner css=\u00bb.vc_custom_1602769618333{padding-right: 80px !important;padding-left: 0px !important;}\u00bb offset=\u00bbvc_col-lg-offset-0 vc_col-lg-6 vc_col-md-offset-1 vc_col-sm-offset-1&#8243; css_tablet_landscape=\u00bb.vc_custom_1602769618333{margin-bottom: 30px !important;padding-right: 60px !important;padding-left: 0px !important;}\u00bb css_tablet_portrait=\u00bb.vc_custom_1602769618334{margin-bottom: 30px !important;padding-right: 30px !important;padding-left: 30px !important;}\u00bb css_mobile=\u00bb.vc_custom_1602769618334{margin-bottom: 80px !important;padding-right: 15px !important;padding-left: 15px !important;}\u00bb]<header class=\"kd-section-title col-lg-12 text-left  subtitle-below-title kd-animated fadeIn   vc_custom_1670817096366\" data-animation-delay=200><h2 class=\"separator_off\" style=\"margin-bottom:30px;\">La PS Tangarana es va fundar al febrer de l\u2019any 2015<\/h2><h6 class=\"subtitle\" >Despr\u00e9s d\u2019un primer Esdeveniment organitzat en el Morro de Calzada, per ve\u00efns de Moyobamba. Es va constituir com a organitzaci\u00f3 sense \u00e0nim de lucre a l\u2019agost de l\u2019any 2015 amb m\u00e9s d\u2019un centenar de socis. Des d\u2019un primer moment ens vam decidir pel nom de Tangarana: nom d\u2019una formiga amaz\u00f2nica guerrera, amb molta for\u00e7a.<\/p>\n<p>Durant l\u2019any 2019 ens hem constitu\u00eft com a plataforma social. Tenim una coordinaci\u00f3 vinculada a l\u2019\u00e0rea d\u2019assessoria, i un equip de socis-col\u00b7laboradors que treballen incansablement, tots de manera volunt\u00e0ria i altruista. Treballem en equip, i aix\u00f2 \u00e9s la clau de la confraternitat que s\u2019ha generat per aquesta iniciativa. La nostra presidenta \u00e9s Janeth V\u00e1squez.<\/p>\n<p>Les nostres activitats van dirigides a incentivar el suport social en diferents \u00e0mbits. Tenim diversos projectes en marxa, englobats dins de la nostra plataforma:<\/h6><\/header>[\/vc_column_inner][vc_column_inner offset=\u00bbvc_col-lg-6 vc_hidden-md vc_hidden-sm\u00bb css=\u00bb.vc_custom_1602769550293{padding-right: 0px !important;padding-left: 0px !important;}\u00bb][vc_single_image image=\u00bb9853&#8243; img_size=\u00bbfull\u00bb alignment=\u00bbright\u00bb css_animation=\u00bbfadeIn\u00bb css=\u00bb.vc_custom_1685982492998{margin-right: -20px !important;}\u00bb][\/vc_column_inner][\/vc_row_inner][\/vc_column][\/vc_row][vc_row kd_background_image_position=\u00bbvc_row-bg-position-top\u00bb css=\u00bb.vc_custom_1598372323510{margin-bottom: 80px !important;}\u00bb][vc_column]<div class=\"feature-sections-wrapper navigation-icons kd-fsp-69d0d8706f545\">\n            <div class=\"feature-sections-tabs  \">\n              <nav class=\"kd-feature-tabs\">\n                <ul class=\"nav nav-tabs sticky-tabs container\">\n                <\/ul>\n              <\/nav>\n            <\/div>\n            <section id=\"Tangarana\" class=\"featured-left \"><li class=\"nav-label\"><a class=\"feature-tabs-scroll\" href=\"#Tangarana\"><span class=\"nav-number\"><\/span>Tangarana<\/a><\/li><div class=\"container\">\n                <div class=\"side-content-wrapper kd-animated fadeInRight\" data-animation-delay=\"200\"><h2 class=\"side-content-title\" >Tangarana<\/h2><h6 class=\"side-content-subtitle\" >En el qual es promou l\u2019esport familiar per a una vida saludable, i de suport als joves interessats en entrenar per\u00f2 que no tenen els recursos econ\u00f2mics per fer-ho. Comptem amb un entrenador f\u00edsic que prepara les rutines per als diferents nivells. A trav\u00e9s dels entrenaments setmanals (tant per c\u00f3rrer com per caminar) pretenem motivar la nostra ciutadania per aconseguir entre tots un m\u00f3n millor, m\u00e9s solidari i m\u00e9s respectu\u00f3s amb el medi en el qual vivim. Aquest entrenament \u00e9s el nostre fil conductor, on tots els nostres socis es troben setmanalment, a trav\u00e9s del qual s\u2019aconsegueix la integraci\u00f3 dels nostres col\u00b7lectius m\u00e9s desfavorits.<\/h6><\/div><div class=\"side-featured-wrapper fss-rectangle kd-animated fadeInLeft\" data-animation-delay=\"200\">\n      <div class=\"featured-image\"><img width=\"660\" height=\"530\" src=\"https:\/\/pstangarana.com\/ca\/wp-content\/uploads\/2023\/06\/pstangarana-block.webp\" class=\"attachment-full\" alt=\"\" decoding=\"async\" loading=\"lazy\" title=\"pstangarana-block\" srcset=\"https:\/\/pstangarana.com\/ca\/wp-content\/uploads\/2023\/06\/pstangarana-block.webp 660w, https:\/\/pstangarana.com\/ca\/wp-content\/uploads\/2023\/06\/pstangarana-block-300x241.webp 300w\" sizes=\"(max-width: 660px) 100vw, 660px\" \/><\/div>\n    <\/div><\/div>\n            <\/section><section id=\"Beques\" class=\"featured-right \"><li class=\"nav-label\"><a class=\"feature-tabs-scroll\" href=\"#Beques\"><span class=\"nav-number\"><\/span>Beques<\/a><\/li><div class=\"container\">\n                <div class=\"side-content-wrapper kd-animated fadeInLeft\" data-animation-delay=\"200\"><h2 class=\"side-content-title\" >Mitges beques d\u2019estudi<\/h2><h6 class=\"side-content-subtitle\" >Tenim un sistema de mitges beques, per mitj\u00e0 dels quals donem l'ajut necessari segons les necessitats que es van detectant, es determinen les prioritats d'actuaci\u00f3 b\u00e0sicament en educaci\u00f3 i alimentaci\u00f3. Els nostres responsables de l'\u00e0rea social avaluen les sol\u00b7licituds juntament amb les institucions d'educaci\u00f3 postsecund\u00e0ria. Tenim definit un perfil per fer aquesta selecci\u00f3, publicat en aquesta web. Donem prioritat als joves vulnerables als riscos globals, que estan en situacions inestables des de les que podrien tornar a la pobresa extrema, encara que alguns ja ho estan; en desigualtat completa d'ingressos, sense serveis de salut i amb un nivell de formaci\u00f3 i aprenentatge molt baix.<br \/>\nEls nostres becats tenen acc\u00e9s a la nostra Plataforma Digital per al desenvolupament de les seves compet\u00e8ncies.<\/h6><\/div><div class=\"side-featured-wrapper fss-rectangle kd-animated fadeInRight\" data-animation-delay=\"200\">\n      <div class=\"featured-image\"><img width=\"660\" height=\"530\" src=\"https:\/\/pstangarana.com\/ca\/wp-content\/uploads\/2023\/06\/beques-block.webp\" class=\"attachment-full\" alt=\"\" decoding=\"async\" loading=\"lazy\" title=\"beques-block\" srcset=\"https:\/\/pstangarana.com\/ca\/wp-content\/uploads\/2023\/06\/beques-block.webp 660w, https:\/\/pstangarana.com\/ca\/wp-content\/uploads\/2023\/06\/beques-block-300x241.webp 300w\" sizes=\"(max-width: 660px) 100vw, 660px\" \/><\/div>\n    <\/div><\/div>\n            <\/section><section id=\"Salut_Dental\" class=\"featured-left \"><li class=\"nav-label\"><a class=\"feature-tabs-scroll\" href=\"#Salut_Dental\"><span class=\"nav-number\"><\/span>Salut Dental<\/a><\/li><div class=\"container\">\n                <div class=\"side-content-wrapper kd-animated fadeInRight\" data-animation-delay=\"200\"><h2 class=\"side-content-title\" >Projecte B\u00e0sic de Salut Dental<\/h2><h6 class=\"side-content-subtitle\" >Aquesta iniciativa s\u2019ha creat per afavorir la salut bucodental de les nenes de l\u2019internat Casa de l\u2019Estudiant \u201cVerge de les Merc\u00e8s\u201d. Elles procedeixen de poblats rurals de l\u2019Alt Maig -regi\u00f3 amaz\u00f2nica peruana-, de col\u00b7lectius desfavorits, sense acc\u00e9s a serveis b\u00e0sics odontol\u00f2gics.<\/h6><\/div><div class=\"side-featured-wrapper fss-rectangle kd-animated fadeInLeft\" data-animation-delay=\"200\">\n      <div class=\"featured-image\"><img width=\"660\" height=\"530\" src=\"https:\/\/pstangarana.com\/ca\/wp-content\/uploads\/2023\/06\/pstangarana-block-1.webp\" class=\"attachment-full\" alt=\"\" decoding=\"async\" loading=\"lazy\" title=\"pstangarana-block-1\" srcset=\"https:\/\/pstangarana.com\/ca\/wp-content\/uploads\/2023\/06\/pstangarana-block-1.webp 660w, https:\/\/pstangarana.com\/ca\/wp-content\/uploads\/2023\/06\/pstangarana-block-1-300x241.webp 300w\" sizes=\"(max-width: 660px) 100vw, 660px\" \/><\/div>\n    <\/div><\/div>\n            <\/section><section id=\"Voluntariat\" class=\"featured-right \"><li class=\"nav-label\"><a class=\"feature-tabs-scroll\" href=\"#Voluntariat\"><span class=\"nav-number\"><\/span>Voluntariat<\/a><\/li><div class=\"container\">\n                <div class=\"side-content-wrapper kd-animated fadeInLeft\" data-animation-delay=\"200\"><h2 class=\"side-content-title\" >Voluntariat<\/h2><h6 class=\"side-content-subtitle\" >Creiem que els voluntaris s\u00f3n una empenta per al nostre projecte social. Acceptem voluntaris tant nacionals com internacionals per col\u00b7laborar amb els nostres projectes socials.<\/h6><\/div><div class=\"side-featured-wrapper fss-rectangle kd-animated fadeInRight\" data-animation-delay=\"200\">\n      <div class=\"featured-image\"><img width=\"660\" height=\"530\" src=\"https:\/\/pstangarana.com\/ca\/wp-content\/uploads\/2023\/06\/voluntariado-block.webp\" class=\"attachment-full\" alt=\"\" decoding=\"async\" loading=\"lazy\" title=\"voluntariado-block\" srcset=\"https:\/\/pstangarana.com\/ca\/wp-content\/uploads\/2023\/06\/voluntariado-block.webp 660w, https:\/\/pstangarana.com\/ca\/wp-content\/uploads\/2023\/06\/voluntariado-block-300x241.webp 300w\" sizes=\"(max-width: 660px) 100vw, 660px\" \/><\/div>\n    <\/div><\/div>\n            <\/section><section id=\"Runners\" class=\"featured-left \"><li class=\"nav-label\"><a class=\"feature-tabs-scroll\" href=\"#Runners\"><span class=\"nav-number\"><\/span>Runners<\/a><\/li><div class=\"container\">\n                <div class=\"side-content-wrapper kd-animated fadeInRight\" data-animation-delay=\"200\"><h2 class=\"side-content-title\" >Runners for Amaz\u00f2nia<\/h2><h6 class=\"side-content-subtitle\" >Cada any vam llan\u00e7ar un programa de viatge nacional (sortida des de Lima) i un altre internacional (sortida des d\u2019Europa), durant la Setmana Santa, amb la finalitat que els viatjants no nom\u00e9s coneguin un lloc rec\u00f2ndit de la selva peruana, sin\u00f3 tamb\u00e9 s\u2019impliquin i participin en l\u2019organitzaci\u00f3 de l\u2019esdeveniment esportiu solidari de muntanya Morro Xtrem.<\/h6><\/div><div class=\"side-featured-wrapper fss-rectangle kd-animated fadeInLeft\" data-animation-delay=\"200\">\n      <div class=\"featured-image\"><img width=\"660\" height=\"530\" src=\"https:\/\/pstangarana.com\/ca\/wp-content\/uploads\/2023\/06\/rfa-block.webp\" class=\"attachment-full\" alt=\"\" decoding=\"async\" loading=\"lazy\" title=\"rfa-block\" srcset=\"https:\/\/pstangarana.com\/ca\/wp-content\/uploads\/2023\/06\/rfa-block.webp 660w, https:\/\/pstangarana.com\/ca\/wp-content\/uploads\/2023\/06\/rfa-block-300x241.webp 300w\" sizes=\"(max-width: 660px) 100vw, 660px\" \/><\/div>\n    <\/div><\/div>\n            <\/section><section id=\"Formigues_de_l\u2019Morro\" class=\"featured-right \"><li class=\"nav-label\"><a class=\"feature-tabs-scroll\" href=\"#Formigues_de_l\u2019Morro\"><span class=\"nav-number\"><\/span>Formigues de l\u2019Morro<\/a><\/li><div class=\"container\">\n                <div class=\"side-content-wrapper kd-animated fadeInLeft\" data-animation-delay=\"200\"><h2 class=\"side-content-title\" >Formigues de l\u2019Morro<\/h2><h6 class=\"side-content-subtitle\" >Programa de la televisi\u00f3 local que s\u2019emet a la regi\u00f3 peruana de San Mart\u00edn, que es grava en la temporada pr\u00e8via a l\u2019esdeveniment Morro Xtrem, amb la finalitat de difondre el nostre treball social.<\/h6><\/div><div class=\"side-featured-wrapper fss-rectangle kd-animated fadeInRight\" data-animation-delay=\"200\">\n      <div class=\"featured-image\"><img width=\"660\" height=\"530\" src=\"https:\/\/pstangarana.com\/ca\/wp-content\/uploads\/2023\/06\/hm-block.webp\" class=\"attachment-full\" alt=\"\" decoding=\"async\" loading=\"lazy\" title=\"hm-block\" srcset=\"https:\/\/pstangarana.com\/ca\/wp-content\/uploads\/2023\/06\/hm-block.webp 660w, https:\/\/pstangarana.com\/ca\/wp-content\/uploads\/2023\/06\/hm-block-300x241.webp 300w\" sizes=\"(max-width: 660px) 100vw, 660px\" \/><\/div>\n    <\/div><\/div>\n            <\/section><section id=\"Iniciatives_locals\" class=\"featured-left \"><li class=\"nav-label\"><a class=\"feature-tabs-scroll\" href=\"#Iniciatives_locals\"><span class=\"nav-number\"><\/span>Iniciatives locals<\/a><\/li><div class=\"container\">\n                <div class=\"side-content-wrapper kd-animated fadeInRight\" data-animation-delay=\"200\"><h2 class=\"side-content-title\" >Iniciatives locals<\/h2><h6 class=\"side-content-subtitle\" >Habitualment els nostres socis de totes les edats es reuneixen per organitzar pujades a muntanyes, fer manualitats, espais l\u00fadics d\u2019integraci\u00f3, activitats per recaptar fons. Es pret\u00e9n potenciar una vida saludable, solid\u00e0ria, i associacionisme sota els colors de la plataforma Tangarana.<\/h6><\/div><div class=\"side-featured-wrapper fss-rectangle kd-animated fadeInLeft\" data-animation-delay=\"200\">\n      <div class=\"featured-image\"><img width=\"660\" height=\"530\" src=\"https:\/\/pstangarana.com\/ca\/wp-content\/uploads\/2023\/06\/il-block.webp\" class=\"attachment-full\" alt=\"\" decoding=\"async\" loading=\"lazy\" title=\"il-block\" srcset=\"https:\/\/pstangarana.com\/ca\/wp-content\/uploads\/2023\/06\/il-block.webp 660w, https:\/\/pstangarana.com\/ca\/wp-content\/uploads\/2023\/06\/il-block-300x241.webp 300w\" sizes=\"(max-width: 660px) 100vw, 660px\" \/><\/div>\n    <\/div><\/div>\n            <\/section>\n            <\/div><style><\/style>[\/vc_column][\/vc_row][vc_row full_width=\u00bbstretch_row_content\u00bb kd_background_image_position=\u00bbvc_row-bg-position-top\u00bb][vc_column]<header class=\"kd-section-title vc_col-lg-6 vc_col-sm-8 text-center solid-line sep-border-width-2  subtitle-below-title kd-animated fadeIn   vc_custom_1671046330489\" data-animation-delay=200><h2 class=\"separator_on\" style=\"font-size: 1.3rem;\">Tots aquests projectes s\u2019han posat en marxa gr\u00e0cies a les aportacions dels nostres socis, els quals a trav\u00e9s d\u2019una quota mensual contribueixen a una societat m\u00e9s justa.<\/h2><div class=\"kd-separator below_title\" ><div class=\"kd-separator-line\" ><\/div><\/div><\/header>[\/vc_column][\/vc_row][vc_row kd_background_image_position=\u00bbvc_row-bg-position-top\u00bb css=\u00bb.vc_custom_1634202578449{padding-top: 100px !important;padding-bottom: 100px !important;}\u00bb][vc_column width=\u00bb1\/6&#8243;][\/vc_column][vc_column offset=\u00bbvc_col-lg-8&#8243; css=\u00bb.vc_custom_1634204193188{padding-right: 0px !important;padding-left: 0px !important;}\u00bb]<header class=\"kd-section-title col-lg-12 text-center  subtitle-below-title    vc_custom_1671046806971\" ><h2 class=\"separator_off\" style=\"font-size: 38px;\">EQUIP<\/h2><\/header><div class=\"kd-timeline timeline-align-zigzag\">\n      \t\t\t\t<div class=\"timeline-line\" >\n      \t\t\t\t\t<div class=\"timeline-line-inner\"><\/div>\n      \t\t\t\t<\/div>\n      \t\t\t\t<div class=\"timeline-item\" >\n  \t\t\t\t    <div class=\"timeline-item-wrapper full-link-card\" style=\"background-color: #1a7c4a;\"><a class=\"timeline-full-link\" href=\"#\" title=\"Mari Alva Guzm\u00e1n\" target=\"_self\"><div class=\"timeline-item-date\"><p class=\"item-date\" >Fundadora<\/p><\/div><div class=\"timeline-content\"><h4 class=\"timeline-item-title\" >Mari Alva Guzm\u00e1n<\/h4><p class=\"timeline-item-description\" >Mari Alva, naci\u00f3 el 18 de diciembre 1967, en Rioja- Per\u00fa. Estudi\u00f3 Ingenier\u00eda Agr\u00edcola en la Universidad de la Molina de Lima y en la Universidad Polit\u00e9cnica de Catalu\u00f1a en Barcelona. Ha escrito dos libros sobre sus vivencias de fundar la ONG Plataforma Tangarana en su lugar de origen: Con un pie a cada lado, y Dos lagartijas que se peleaban.<\/p><\/div><\/a><\/div><div class=\"timeline-item-arrow\" style=\"border-color: #1a7c4a;\"><\/div>\n              <div class=\"timeline-item-point\" style=\"background-color: #1a7c4a;\"><i class=\"iconsmind-Business-Woman iconsmind-People\" ><\/i><\/div>\n      \t\t\t<\/div><div class=\"timeline-item\" >\n  \t\t\t\t    <div class=\"timeline-item-wrapper full-link-card\" style=\"background-color: #1a7c4a;\"><a class=\"timeline-full-link\" href=\"#\" title=\"Janeth V\u00e1squez\" target=\"_self\"><div class=\"timeline-item-date\"><p class=\"item-date\" >Presidenta<\/p><\/div><div class=\"timeline-content\"><h4 class=\"timeline-item-title\" >Janeth V\u00e1squez<\/h4><p class=\"timeline-item-description\" >Ser parte de este hermoso sue\u00f1o donde ser solidario es algo que me satisface, colaborar con un granito de arena con j\u00f3venes que tienen ganas de salir adelante y engrandecer a nuestra regi\u00f3n y al pa\u00eds: con sus conocimientos adquiridos en los diferentes oficios que aprenden dentro de nuestros convenios firmados con las Instituciones de educaci\u00f3n superior. Como Presidenta me enorgullece representar a este proyecto. Tangarana soy yo.<\/p><\/div><\/a><\/div><div class=\"timeline-item-arrow\" style=\"border-color: #1a7c4a;\"><\/div>\n              <div class=\"timeline-item-point\" style=\"background-color: #1a7c4a;\"><i class=\"iconsmind-Business-Woman iconsmind-People\" ><\/i><\/div>\n      \t\t\t<\/div><div class=\"timeline-item\" >\n  \t\t\t\t    <div class=\"timeline-item-wrapper full-link-card\" style=\"background-color: #1a7c4a;\"><a class=\"timeline-full-link\" href=\"#\" title=\"Rosa V\u00e1squez\" target=\"_self\"><div class=\"timeline-item-date\"><p class=\"item-date\" >Coordinadora Administrativa<\/p><\/div><div class=\"timeline-content\"><h4 class=\"timeline-item-title\" >Rosa V\u00e1squez<\/h4><p class=\"timeline-item-description\" >Mi nombre es Rosa V\u00e1squez Bardales, vivo en Moyobamba. Mi familia est\u00e1 constituida por mi esposo y mis dos hijos, que me apoyan en este emprendimiento. Soy integrante de Tangarana, desde que se inici\u00f3, estoy feliz de integrar este grupo porque el objetivo principal es SOLIDARIO. Me gusta este objetivo sobretodo porque nos permite apoyar a j\u00f3venes de bajos recursos econ\u00f3micos para continuar con sus estudios y lograrse como profesionales. Somos un grupo muy s\u00f3lido y agradezco a todos por su apoyo.<\/p><\/div><\/a><\/div><div class=\"timeline-item-arrow\" style=\"border-color: #1a7c4a;\"><\/div>\n              <div class=\"timeline-item-point\" style=\"background-color: #1a7c4a;\"><i class=\"iconsmind-Business-Woman iconsmind-People\" ><\/i><\/div>\n      \t\t\t<\/div><div class=\"timeline-item\" >\n  \t\t\t\t    <div class=\"timeline-item-wrapper full-link-card\" style=\"background-color: #1a7c4a;\"><a class=\"timeline-full-link\" href=\"#\" title=\"Julio D\u00edaz\" target=\"_self\"><div class=\"timeline-item-date\"><p class=\"item-date\" >Coordinador Externo<\/p><\/div><div class=\"timeline-content\"><h4 class=\"timeline-item-title\" >Julio D\u00edaz<\/h4><p class=\"timeline-item-description\" >Mi nombre es Julio D\u00edaz-Otero, estoy jubilado y vivo en Barcelona. Es un privilegio poder continuar en la ONG Tangarana con una labor social que ya hab\u00eda desarrollado durante todos los a\u00f1os que fui profesor de ense\u00f1anza secundaria, as\u00ed como tambi\u00e9n poder compartir experiencias con personas de otros lugares.<\/p><\/div><\/a><\/div><div class=\"timeline-item-arrow\" style=\"border-color: #1a7c4a;\"><\/div>\n              <div class=\"timeline-item-point\" style=\"background-color: #1a7c4a;\"><i class=\"iconsmind-Business-Man iconsmind-People\" ><\/i><\/div>\n      \t\t\t<\/div>\n      \t\t\t<\/div>[\/vc_column][vc_column width=\u00bb1\/6&#8243;][\/vc_column][\/vc_row]<\/p>\n<\/section>","protected":false},"excerpt":{"rendered":"<p>[vc_row full_width=\u00bbstretch_row\u00bb full_height=\u00bbyes\u00bb kd_background_image_position=\u00bbvc_row-bg-position-top\u00bb css=\u00bb.vc_custom_1685982482433{padding-top: 370px !important;background-image: url(https:\/\/pstangarana.com\/ca\/wp-content\/uploads\/2023\/06\/ca-qui-som.webp?id=9855) !important;background-position: center !important;background-repeat: no-repeat !important;background-size: cover !important;}\u00bb css_mobile=\u00bb.vc_custom_1685982482434{padding-top: 150px !important;}\u00bb css_tablet_landscape=\u00bb.vc_custom_1685982482433{padding-top: 200px [&hellip;]<\/p>\n","protected":false},"author":2,"featured_media":0,"parent":0,"menu_order":0,"comment_status":"closed","ping_status":"closed","template":"","meta":[],"_links":{"self":[{"href":"https:\/\/pstangarana.com\/ca\/wp-json\/wp\/v2\/pages\/22"}],"collection":[{"href":"https:\/\/pstangarana.com\/ca\/wp-json\/wp\/v2\/pages"}],"about":[{"href":"https:\/\/pstangarana.com\/ca\/wp-json\/wp\/v2\/types\/page"}],"author":[{"embeddable":true,"href":"https:\/\/pstangarana.com\/ca\/wp-json\/wp\/v2\/users\/2"}],"replies":[{"embeddable":true,"href":"https:\/\/pstangarana.com\/ca\/wp-json\/wp\/v2\/comments?post=22"}],"version-history":[{"count":49,"href":"https:\/\/pstangarana.com\/ca\/wp-json\/wp\/v2\/pages\/22\/revisions"}],"predecessor-version":[{"id":9856,"href":"https:\/\/pstangarana.com\/ca\/wp-json\/wp\/v2\/pages\/22\/revisions\/9856"}],"wp:attachment":[{"href":"https:\/\/pstangarana.com\/ca\/wp-json\/wp\/v2\/media?parent=22"}],"curies":[{"name":"wp","href":"https:\/\/api.w.org\/{rel}","templated":true}]}}