{"id":12,"date":"2022-12-07T20:23:25","date_gmt":"2022-12-07T20:23:25","guid":{"rendered":"https:\/\/pstangarana.com\/ca\/?page_id=12"},"modified":"2023-06-05T16:12:10","modified_gmt":"2023-06-05T16:12:10","slug":"associacio-tangarana","status":"publish","type":"page","link":"https:\/\/pstangarana.com\/ca\/","title":{"rendered":"Associaci\u00f3 Tangarana"},"content":{"rendered":"<section class=\"wpb-content-wrapper\"><p>[vc_row full_width=\u00bbstretch_row\u00bb full_height=\u00bbyes\u00bb kd_background_image_position=\u00bbvc_row-bg-position-center\u00bb kd_image_overlay_color=\u00bbrgba(3,15,39,0.35)\u00bb kd_fixed_background=\u00bbtrue\u00bb kd_image_overlay=\u00bbtrue\u00bb css=\u00bb.vc_custom_1685981424851{background-image: url(https:\/\/pstangarana.com\/ca\/wp-content\/uploads\/2023\/06\/ca-pst.webp?id=9841) !important;background-position: center !important;background-repeat: no-repeat !important;background-size: cover !important;}\u00bb css_mobile=\u00bb.vc_custom_1685981424851{margin-top: 0px !important;padding-top: 100px !important;padding-bottom: 150px !important;}\u00bb css_tablet_portrait=\u00bb.vc_custom_1685981424851{margin-top: 0px !important;padding-top: 200px !important;padding-bottom: 250px !important;}\u00bb][vc_column][vc_row_inner kd_background_image_position=\u00bbvc_row-bg-position-top\u00bb css=\u00bb.vc_custom_1513001355456{margin-bottom: 20px !important;}\u00bb][vc_column_inner]<header class=\"kd-section-title col-lg-12 text-center  subtitle-below-title kd-animated fadeIn   vc_custom_1670717224711\" data-animation-delay=200><h2 class=\"separator_off\" style=\"color: #ffffff;font-size: 100px;line-height: 100px;margin-bottom:35px;\">Associaci\u00f3 Tangarana<\/h2><h6 class=\"subtitle\" style=\"color: #ffffff;font-size:30px;\">Les nostres activitats s\u2019enfoquen a procurar i donar suport en temes d\u2019educaci\u00f3, formaci\u00f3 i la salut.<\/h6><\/header><a  href=\"#firstsection\"  class=\"tt_button tt_primary_button btn_primary_color hover_solid_white button-center button-scroll-to-section icon_right  kd-animated zoomIn btn-smooth-scroll\" data-animation-delay=200><span class=\"prim_text\">Descobreix ara<\/span><span class=\"fas fa-chevron-right iconita\" ><\/span><\/a>[\/vc_column_inner][\/vc_row_inner][\/vc_column][\/vc_row][vc_row full_width=\u00bbstretch_row\u00bb content_placement=\u00bbmiddle\u00bb kd_background_image_position=\u00bbvc_row-bg-position-top\u00bb css=\u00bb.vc_custom_1670717854807{margin-top: 100px !important;padding-top: 80px !important;padding-bottom: 10px !important;}\u00bb css_tablet_portrait=\u00bb.vc_custom_1670717854808{padding-top: 100px !important;}\u00bb css_mobile=\u00bb.vc_custom_1670717854809{padding-top: 40px !important;}\u00bb el_id=\u00bbfirstsection\u00bb][vc_column][vc_row_inner content_placement=\u00bbmiddle\u00bb kd_background_image_position=\u00bbvc_row-bg-position-top\u00bb][vc_column_inner css=\u00bb.vc_custom_1602769618333{padding-right: 80px !important;padding-left: 0px !important;}\u00bb offset=\u00bbvc_col-lg-offset-0 vc_col-lg-6 vc_col-md-offset-1 vc_col-sm-offset-1&#8243; css_tablet_landscape=\u00bb.vc_custom_1602769618333{margin-bottom: 30px !important;padding-right: 60px !important;padding-left: 0px !important;}\u00bb css_tablet_portrait=\u00bb.vc_custom_1602769618334{margin-bottom: 30px !important;padding-right: 30px !important;padding-left: 30px !important;}\u00bb css_mobile=\u00bb.vc_custom_1602769618334{margin-bottom: 80px !important;padding-right: 15px !important;padding-left: 15px !important;}\u00bb]<header class=\"kd-section-title col-lg-12 text-left  subtitle-below-title kd-animated fadeIn   vc_custom_1670717632331\" data-animation-delay=200><h2 class=\"separator_off\" style=\"font-size: 3rem;margin-bottom:30px;\">L\u2019Associaci\u00f3 Plataforma Social <span style=\"color:#1A7C4A;\">Tangarana<\/span><\/h2><h6 class=\"subtitle\" style=\"font-size:1.4rem;\">\u00c9s una organitzaci\u00f3 sense \u00e0nim de lucre, creada amb la finalitat de millorar la qualitat de vida de poblacions vulnerables i d\u2019escassos recursos econ\u00f2mics a l\u2019Alto Mayo peru\u00e0. Les nostres activitats s\u2019enfoquen a procurar i donar suport en temes d\u2019educaci\u00f3, formaci\u00f3 i la salut. Es va fundar el febrer del 2015 despr\u00e9s que els ve\u00efns de Moyobamba organitzessin un primer acte a Morro de Calzada.<\/h6><\/header>[\/vc_column_inner][vc_column_inner offset=\u00bbvc_col-lg-6 vc_hidden-md vc_hidden-sm\u00bb css=\u00bb.vc_custom_1602769550293{padding-right: 0px !important;padding-left: 0px !important;}\u00bb][vc_single_image image=\u00bb9840&#8243; img_size=\u00bbfull\u00bb alignment=\u00bbright\u00bb css_animation=\u00bbfadeIn\u00bb css=\u00bb.vc_custom_1685981432548{margin-right: -20px !important;}\u00bb][\/vc_column_inner][\/vc_row_inner][\/vc_column][\/vc_row][vc_row full_width=\u00bbstretch_row\u00bb kd_background_image_position=\u00bbvc_row-bg-position-top\u00bb css=\u00bb.vc_custom_1670774246940{padding-top: 40px !important;padding-bottom: 20px !important;}\u00bb][vc_column]<header class=\"kd-section-title vc_col-lg-6 vc_col-sm-8 text-center solid-line sep-border-width-2  subtitle-below-title kd-animated fadeIn   vc_custom_1670718639661\" data-animation-delay=200><h2 class=\"separator_on\" style=\"font-size: 1.5rem;\">Aquesta associaci\u00f3 t\u00e9 seu a <span style=\"color:#1A7C4A;\">Barcelona<\/span> i b\u00e0sicament d\u00f3na suport a dos projectes Tangarana:<\/h2><div class=\"kd-separator below_title\" ><div class=\"kd-separator-line\" ><\/div><\/div><\/header>[\/vc_column][\/vc_row][vc_row kd_background_image_position=\u00bbvc_row-bg-position-top\u00bb css=\u00bb.vc_custom_1670718028368{padding-bottom: 100px !important;}\u00bb][vc_column width=\u00bb1\/2&#8243;][vc_single_image image=\u00bb9839&#8243; img_size=\u00bbfull\u00bb alignment=\u00bbcenter\u00bb style=\u00bbvc_box_rounded\u00bb css=\u00bb.vc_custom_1685981440529{padding-bottom: 14px !important;border-radius: 40px !important;}\u00bb]<header class=\"kd-section-title col-lg-12 text-left solid-line sep-border-width-1  subtitle-below-title   \" ><div class=\"kd-separator above_title\" ><div class=\"kd-separator-line\" ><\/div><\/div><h2 class=\"separator_on\" ><span style=\"color:#1A7C4A;\">Beques<\/span><\/h2><h6 class=\"subtitle\" style=\"font-size:1.2rem;\">Oferim mitges beques com l\u2019ajuda necess\u00e0ria per a la formaci\u00f3 de col\u00b7lectius desfavorits. El nostre departament social avalua les sol\u00b7licituds juntament amb les institucions de formaci\u00f3 professional. Hem definit un perfil per aquesta selecci\u00f3, prioritzem l\u2019ajuda als joves d\u2019excel\u00b7lent expedient acad\u00e8mic i que viuen en una pobresa extrema.<br \/>\nPosem a disposici\u00f3 dels nostres becats un espai audiovisual en la nostra seu a Moyobamba, per al seu desenvolupament t\u00e8cnic.<\/h6><\/header>[\/vc_column][vc_column width=\u00bb1\/2&#8243;][vc_single_image image=\u00bb9838&#8243; img_size=\u00bbfull\u00bb alignment=\u00bbcenter\u00bb style=\u00bbvc_box_rounded\u00bb css=\u00bb.vc_custom_1685981447133{padding-bottom: 14px !important;border-radius: 40px !important;}\u00bb]<header class=\"kd-section-title col-lg-12 text-left solid-line sep-border-width-1  subtitle-below-title   \" ><div class=\"kd-separator above_title\" ><div class=\"kd-separator-line\" ><\/div><\/div><h2 class=\"separator_on\" ><span style=\"color:#1A7C4A;\">Voluntariat<\/span> i recollida de<br \/>\nmaterial solidari<\/h2><h6 class=\"subtitle\" style=\"font-size:1.2rem;\">Desenvolupem i estimulem projectes, programes i estrat\u00e8gies, orientades a la solidaritat, cooperaci\u00f3 i suport social, i promovem el voluntariat.<br \/>\nRecollim material donat en diversos esdeveniments i activitats realitzades a Catalunya, per al seu posterior enviament a la zona on d\u00f3na suport la nostra associaci\u00f3.<\/h6><\/header>[\/vc_column][\/vc_row][vc_row full_width=\u00bbstretch_row_content\u00bb kd_background_image_position=\u00bbvc_row-bg-position-top\u00bb css=\u00bb.vc_custom_1599214997929{margin-bottom: 100px !important;}\u00bb][vc_column css=\u00bb.vc_custom_1599051130307{padding-right: 0px !important;padding-left: 0px !important;}\u00bb][vc_row_inner full_width=\u00bbinner_row_contained\u00bb kd_background_image_position=\u00bbvc_row-bg-position-top\u00bb kd_background_overlay=\u00bbtrue\u00bb css=\u00bb.vc_custom_1599051124487{margin-right: 60px !important;margin-left: 60px !important;padding-top: 100px !important;padding-bottom: 120px !important;border-radius: 50px !important;}\u00bb css_tablet_landscape=\u00bb.vc_custom_1599051124488{margin-right: 0px !important;margin-left: 0px !important;border-radius: 0px !important;}\u00bb css_tablet_portrait=\u00bb.vc_custom_1599051124490{margin-right: 0px !important;margin-left: 0px !important;border-radius: 0px !important;}\u00bb css_mobile=\u00bb.vc_custom_1599051124491{margin-right: 0px !important;margin-left: 0px !important;border-radius: 0px !important;}\u00bb][vc_column_inner css=\u00bb.vc_custom_1599051160049{padding-top: 50px !important;padding-right: 125px !important;padding-left: 0px !important;}\u00bb offset=\u00bbvc_col-lg-offset-0 vc_col-lg-6 vc_col-md-offset-0 vc_col-sm-offset-0&#8243; css_tablet_landscape=\u00bb.vc_custom_1599051160051{padding-top: 0px !important;padding-right: 30px !important;padding-left: 30px !important;}\u00bb css_tablet_portrait=\u00bb.vc_custom_1599051160052{padding-top: 0px !important;padding-right: 15px !important;padding-left: 15px !important;}\u00bb css_mobile=\u00bb.vc_custom_1599051160053{padding-top: 0px !important;padding-right: 15px !important;padding-left: 15px !important;}\u00bb]<header class=\"kd-section-title col-lg-12 text-left  subtitle-below-title kd-animated fadeIn   vc_custom_1670775230898\" data-animation-delay=200><h2 class=\"separator_off\" style=\"margin-bottom:30px;\"><span style=\"color:#1A7C4A;\">Feu-vos membre<\/span> de la nostra plataforma social!<\/h2><\/header><div class=\"key-icon-box icon-default  cont-left ib-no-effect       kd-animated fadeIn\" style=\"background-color: transparent;\" data-animation-delay=400><h6 class=\"service-heading\" >Per donar suport als nostres projectes,<br \/>\npodeu transferir una donaci\u00f3 al nostre compte:<br \/>\nCompte de l\u2019associaci\u00f3 \/ donacions<br \/>\nES59 0182 1379 3802 0231 0855<\/h6><p style=\"font-size: 18px;\">(Canonge Almera 33, Vilassar de Mar)<br \/>\nTangarana \u2013 Associaci\u00f3 per al suport dels joves,<br \/>\nRegion Moyobamba, Peru<br \/>\nCorreu electr\u00f2nic: info@pstangarana.com<\/p><\/div>[\/vc_column_inner][vc_column_inner css=\u00bb.vc_custom_1599051215703{padding-right: 0px !important;}\u00bb offset=\u00bbvc_col-lg-6&#8243; css_tablet_landscape=\u00bb.vc_custom_1599051215704{margin-top: 50px !important;padding-right: 15px !important;}\u00bb css_tablet_portrait=\u00bb.vc_custom_1599051215705{margin-top: 50px !important;padding-right: 15px !important;}\u00bb css_mobile=\u00bb.vc_custom_1599051215706{margin-top: 50px !important;padding-right: 15px !important;}\u00bb]<div class=\"kd-photo-group group-layout-left-right large-shadow enable-parallax\">\n                <div class=\"kd-group-image first-image-wrapper\"><div class=\"kd-group-image-animation kd-animated fadeInDown\" data-animation-delay=200><img width=\"370\" height=\"450\" src=\"https:\/\/pstangarana.com\/ca\/wp-content\/uploads\/2023\/06\/img-4.webp\" class=\"attachment-full\" alt=\"\" decoding=\"async\" loading=\"lazy\" title=\"img-4\" srcset=\"https:\/\/pstangarana.com\/ca\/wp-content\/uploads\/2023\/06\/img-4.webp 370w, https:\/\/pstangarana.com\/ca\/wp-content\/uploads\/2023\/06\/img-4-247x300.webp 247w\" sizes=\"(max-width: 370px) 100vw, 370px\" \/><\/div><\/div>\n                <div class=\"kd-group-image second-image-wrapper\" style=\"bottom: 5%;\"><div class=\"kd-group-image-animation kd-animated fadeInUp\" data-animation-delay=200><img width=\"370\" height=\"390\" src=\"https:\/\/pstangarana.com\/ca\/wp-content\/uploads\/2023\/06\/img-5.webp\" class=\"attachment-full\" alt=\"\" decoding=\"async\" loading=\"lazy\" title=\"img-5\" srcset=\"https:\/\/pstangarana.com\/ca\/wp-content\/uploads\/2023\/06\/img-5.webp 370w, https:\/\/pstangarana.com\/ca\/wp-content\/uploads\/2023\/06\/img-5-285x300.webp 285w\" sizes=\"(max-width: 370px) 100vw, 370px\" \/><\/div><\/div>\n            <\/div><div class=\"kd-shapes shape_dots with-parallax kd-animated zoomIn\" style=\"top: 20px;left: 265px;width: 172px;height: 173px;\" data-parallax-speed=\"-0.1\" data-animation-delay=400><\/div><div class=\"kd-shapes shape_dots with-parallax kd-animated zoomIn\" style=\"right: -60px;bottom: -60px;width: 340px;height: 173px;\" data-parallax-speed=\"-0.05\" data-animation-delay=400><\/div>[\/vc_column_inner][\/vc_row_inner][\/vc_column][\/vc_row][vc_row full_width=\u00bbstretch_row_content\u00bb kd_background_image_position=\u00bbvc_row-bg-position-top\u00bb css=\u00bb.vc_custom_1670785351422{padding-top: 100px !important;padding-bottom: 70px !important;}\u00bb][vc_column width=\u00bb1\/6&#8243;][\/vc_column][vc_column width=\u00bb2\/3&#8243;][vc_row_inner kd_background_image_position=\u00bbvc_row-bg-position-top\u00bb][vc_column_inner]<header class=\"kd-section-title col-lg-8 vc_col-sm-8 text-center  subtitle-below-title kd-animated fadeIn   vc_custom_1670785820134\" data-animation-delay=200><h2 class=\"separator_off\" >La <span style=\"color:#1A7C4A;\">fundadora<\/span> d\u2019aquest projecte ha escrit dos llibres<\/h2><h6 class=\"subtitle\" >En qu\u00e8 podeu obtenir m\u00e9s informaci\u00f3 sobre aquesta iniciativa. Tots els beneficis de la seva venda es donaran a l\u2019ONG Tangarana.<\/h6><\/header>[\/vc_column_inner][\/vc_row_inner]<div class=\"mg-gallery mg-container row three-columns\" ><div class=\"mg-sizer\"><\/div><div class=\"mg-single-img small-masonry-img\"><a data-size=\"1707x2560\" href=https:\/\/pstangarana.com\/ca\/wp-content\/uploads\/2023\/06\/mari-alava.webp  ><img width=\"1707\" height=\"2560\" src=\"https:\/\/pstangarana.com\/ca\/wp-content\/uploads\/2023\/06\/mari-alava.webp\" class=\"attachment-full\" alt=\"\" decoding=\"async\" loading=\"lazy\" title=\"mari-alava\" srcset=\"https:\/\/pstangarana.com\/ca\/wp-content\/uploads\/2023\/06\/mari-alava.webp 1707w, https:\/\/pstangarana.com\/ca\/wp-content\/uploads\/2023\/06\/mari-alava-200x300.webp 200w, https:\/\/pstangarana.com\/ca\/wp-content\/uploads\/2023\/06\/mari-alava-683x1024.webp 683w, https:\/\/pstangarana.com\/ca\/wp-content\/uploads\/2023\/06\/mari-alava-768x1152.webp 768w, https:\/\/pstangarana.com\/ca\/wp-content\/uploads\/2023\/06\/mari-alava-1024x1536.webp 1024w, https:\/\/pstangarana.com\/ca\/wp-content\/uploads\/2023\/06\/mari-alava-1366x2048.webp 1366w\" sizes=\"(max-width: 1707px) 100vw, 1707px\" \/><\/a><\/div><div class=\"mg-single-img small-masonry-img\"><a data-size=\"1707x2560\" href=https:\/\/pstangarana.com\/ca\/wp-content\/uploads\/2023\/06\/dlqsp.webp  ><img width=\"1707\" height=\"2560\" src=\"https:\/\/pstangarana.com\/ca\/wp-content\/uploads\/2023\/06\/dlqsp.webp\" class=\"attachment-full\" alt=\"\" decoding=\"async\" loading=\"lazy\" title=\"dlqsp\" srcset=\"https:\/\/pstangarana.com\/ca\/wp-content\/uploads\/2023\/06\/dlqsp.webp 1707w, https:\/\/pstangarana.com\/ca\/wp-content\/uploads\/2023\/06\/dlqsp-200x300.webp 200w, https:\/\/pstangarana.com\/ca\/wp-content\/uploads\/2023\/06\/dlqsp-683x1024.webp 683w, https:\/\/pstangarana.com\/ca\/wp-content\/uploads\/2023\/06\/dlqsp-768x1152.webp 768w, https:\/\/pstangarana.com\/ca\/wp-content\/uploads\/2023\/06\/dlqsp-1024x1536.webp 1024w, https:\/\/pstangarana.com\/ca\/wp-content\/uploads\/2023\/06\/dlqsp-1366x2048.webp 1366w\" sizes=\"(max-width: 1707px) 100vw, 1707px\" \/><\/a><\/div><div class=\"mg-single-img small-masonry-img\"><a data-size=\"665x1000\" href=https:\/\/pstangarana.com\/ca\/wp-content\/uploads\/2023\/06\/con-un-pie-a-cada-lado.webp  ><img width=\"665\" height=\"1000\" src=\"https:\/\/pstangarana.com\/ca\/wp-content\/uploads\/2023\/06\/con-un-pie-a-cada-lado.webp\" class=\"attachment-full\" alt=\"\" decoding=\"async\" loading=\"lazy\" title=\"con-un-pie-a-cada-lado\" srcset=\"https:\/\/pstangarana.com\/ca\/wp-content\/uploads\/2023\/06\/con-un-pie-a-cada-lado.webp 665w, https:\/\/pstangarana.com\/ca\/wp-content\/uploads\/2023\/06\/con-un-pie-a-cada-lado-200x300.webp 200w\" sizes=\"(max-width: 665px) 100vw, 665px\" \/><\/a><\/div><\/div>[\/vc_column][vc_column width=\u00bb1\/6&#8243;][\/vc_column][\/vc_row]<\/p>\n<\/section>","protected":false},"excerpt":{"rendered":"<p>[vc_row full_width=\u00bbstretch_row\u00bb full_height=\u00bbyes\u00bb kd_background_image_position=\u00bbvc_row-bg-position-center\u00bb kd_image_overlay_color=\u00bbrgba(3,15,39,0.35)\u00bb kd_fixed_background=\u00bbtrue\u00bb kd_image_overlay=\u00bbtrue\u00bb css=\u00bb.vc_custom_1685981424851{background-image: url(https:\/\/pstangarana.com\/ca\/wp-content\/uploads\/2023\/06\/ca-pst.webp?id=9841) !important;background-position: center !important;background-repeat: no-repeat !important;background-size: cover !important;}\u00bb css_mobile=\u00bb.vc_custom_1685981424851{margin-top: 0px !important;padding-top: 100px [&hellip;]<\/p>\n","protected":false},"author":2,"featured_media":0,"parent":0,"menu_order":0,"comment_status":"closed","ping_status":"closed","template":"","meta":[],"_links":{"self":[{"href":"https:\/\/pstangarana.com\/ca\/wp-json\/wp\/v2\/pages\/12"}],"collection":[{"href":"https:\/\/pstangarana.com\/ca\/wp-json\/wp\/v2\/pages"}],"about":[{"href":"https:\/\/pstangarana.com\/ca\/wp-json\/wp\/v2\/types\/page"}],"author":[{"embeddable":true,"href":"https:\/\/pstangarana.com\/ca\/wp-json\/wp\/v2\/users\/2"}],"replies":[{"embeddable":true,"href":"https:\/\/pstangarana.com\/ca\/wp-json\/wp\/v2\/comments?post=12"}],"version-history":[{"count":179,"href":"https:\/\/pstangarana.com\/ca\/wp-json\/wp\/v2\/pages\/12\/revisions"}],"predecessor-version":[{"id":9844,"href":"https:\/\/pstangarana.com\/ca\/wp-json\/wp\/v2\/pages\/12\/revisions\/9844"}],"wp:attachment":[{"href":"https:\/\/pstangarana.com\/ca\/wp-json\/wp\/v2\/media?parent=12"}],"curies":[{"name":"wp","href":"https:\/\/api.w.org\/{rel}","templated":true}]}}